{"id":1143,"date":"2016-09-24T14:41:40","date_gmt":"2016-09-24T12:41:40","guid":{"rendered":"http:\/\/www.portraittheater.net\/?page_id=1143"},"modified":"2023-08-28T15:19:51","modified_gmt":"2023-08-28T13:19:51","slug":"impressum","status":"publish","type":"page","link":"http:\/\/www.portraittheater.net\/?page_id=1143","title":{"rendered":"Impressum"},"content":{"rendered":"<p>portraittheater<br \/>\nGentzgasse 13\/14<br \/>\nA-1180 Wien<br \/>\nTelefon: +43 699 195 808 74<br \/>\nE-Mail: <a href=\"&#109;a&#x69;l&#x74;&#111;&#x3a;&#111;&#x66;&#102;i&#x63;e&#x40;&#112;&#x6f;&#114;&#x74;&#114;&#x61;&#105;t&#x74;h&#x65;&#97;&#x74;&#101;&#x72;&#46;n&#x65;t\">&#x6f;&#102;&#x66;&#x69;c&#x65;&#64;p&#x6f;&#114;t&#x72;&#97;&#x69;&#x74;t&#x68;&#101;a&#x74;&#101;r&#x2e;&#110;&#x65;&#x74;<\/a><br \/>\nInternet: <a href=\"http:\/\/www.portraittheater.net\">www.portraittheater.net<\/a><\/p>\n<p>Vertretungsberechtigte und f\u00fcr den Inhalt dieser Website verantwortliche Personen:<br \/>\nAnita Zieher (<a href=\"&#x6d;&#97;&#x69;&#108;t&#x6f;&#58;a&#x6e;&#105;&#x74;&#x61;&#46;&#x7a;&#105;e&#x68;&#101;&#x72;&#x40;p&#x6f;&#114;t&#x72;&#97;i&#x74;&#116;&#x68;&#101;a&#x74;&#101;r&#x2e;&#110;&#x65;&#x74;\">a&#110;&#105;&#x74;&#x61;&#x2e;z&#105;&#101;&#x68;&#x65;&#x72;&#64;p&#111;&#x72;&#x74;&#x72;ai&#116;&#116;&#x68;&#x65;&#x61;t&#101;&#114;&#x2e;&#x6e;&#x65;t<\/a>),<br \/>\nSandra Sch\u00fcddekopf (<a href=\"http:\/\/s&#97;&#110;&#100;&#114;&#x61;&#x2e;&#x73;&#x63;&#x68;\u00fcdde&#107;&#111;&#112;&#102;&#64;&#x70;&#x6f;&#x72;&#x74;&#x72;&#x61;itth&#101;&#97;&#116;&#101;&#x72;&#x2e;&#x6e;&#x65;&#x74;\">&#x73;&#97;n&#x64;&#114;a&#x2e;&#115;c&#x68;\u00fc&#x64;&#100;e&#x6b;&#111;p&#x66;&#64;p&#x6f;&#114;t&#x72;&#97;i&#x74;&#116;h&#x65;&#97;t&#x65;&#114;&#46;&#x6e;&#101;t<\/a>)<\/p>\n<p>portraittheater ist als Verein im \u00d6sterreichischen Zentralen Vereinsregister mit der ZVR-Zahl 719122442 eingetragen.<\/p>\n<p>Haftungshinweis: Trotz sorgf\u00e4ltiger inhaltlicher Kontrolle \u00fcbernehmen wir keine Haftung f\u00fcr die Inhalte externer Links. F\u00fcr den Inhalt der verlinkten Seiten sind ausschlie\u00dflich deren Betreiber verantwortlich.<\/p>\n<p>Bei Fragen zum Inhalt dieser Website und weiteren Informationen zu portraittheater wenden Sie sich bitte gerne per E-Mail an die in diesem Impressum genannten Personen.<\/p>\n<p>Bei Fragen zur Gestaltung dieser Website k\u00f6nnen Sie ein E-Mail an den Webmaster richten (<a href=\"&#109;&#97;&#x69;&#x6c;&#116;&#111;&#x3a;&#x77;&#101;&#98;&#x6d;&#x61;&#115;&#116;&#x65;&#x72;&#64;&#112;&#x6f;&#x72;&#116;&#114;&#x61;&#x69;&#116;&#116;&#x68;&#x65;&#97;&#116;&#x65;&#x72;&#46;&#110;&#x65;&#x74;\">&#x77;&#x65;&#98;m&#x61;&#x73;&#116;&#101;r&#x40;&#x70;&#111;&#114;t&#x72;&#x61;&#105;tt&#x68;&#x65;&#97;t&#x65;&#x72;&#46;&#110;e&#x74;<\/a>)<\/p>\n","protected":false},"excerpt":{"rendered":"<p>portraittheater Gentzgasse 13\/14 A-1180 Wien Telefon: +43 699 195 808 74 E-Mail: &#x6f;&#x66;&#102;&#105;c&#x65;&#x40;&#x70;&#111;rt&#x72;&#x61;&#105;&#116;t&#x68;&#x65;&#x61;&#116;er&#x2e;&#x6e;&#101;&#116; Internet: www.portraittheater.net Vertretungsberechtigte und f\u00fcr den Inhalt dieser Website verantwortliche Personen: Anita Zieher (&#97;n&#x69;t&#x61;&#46;&#x7a;&#105;&#x65;&#104;&#x65;&#114;&#64;&#x70;o&#x72;t&#x72;&#97;&#x69;&#116;&#x74;&#104;&#x65;&#97;t&#x65;r&#x2e;n&#x65;&#116;), Sandra Sch\u00fcddekopf (&#115;&#97;&#x6e;&#x64;&#114;&#97;&#x2e;&#x73;&#99;&#104;\u00fc&#100;&#100;&#x65;&#x6b;&#111;&#112;&#x66;&#x40;&#112;&#111;&#x72;&#x74;&#114;&#97;&#x69;&#x74;&#116;&#104;&#x65;&#x61;&#116;&#101;&#x72;&#x2e;&#110;&#101;&#x74;) portraittheater ist als Verein im \u00d6sterreichischen Zentralen Vereinsregister mit der ZVR-Zahl 719122442 eingetragen. Haftungshinweis: Trotz sorgf\u00e4ltiger inhaltlicher Kontrolle \u00fcbernehmen wir keine Haftung f\u00fcr die Inhalte&hellip;<\/p>\n","protected":false},"author":1,"featured_media":0,"parent":137,"menu_order":0,"comment_status":"closed","ping_status":"closed","template":"","meta":{"footnotes":""},"tags":[],"class_list":["post-1143","page","type-page","status-publish","hentry","empty-entry-meta"],"jetpack_sharing_enabled":true,"_links":{"self":[{"href":"http:\/\/www.portraittheater.net\/index.php?rest_route=\/wp\/v2\/pages\/1143","targetHints":{"allow":["GET"]}}],"collection":[{"href":"http:\/\/www.portraittheater.net\/index.php?rest_route=\/wp\/v2\/pages"}],"about":[{"href":"http:\/\/www.portraittheater.net\/index.php?rest_route=\/wp\/v2\/types\/page"}],"author":[{"embeddable":true,"href":"http:\/\/www.portraittheater.net\/index.php?rest_route=\/wp\/v2\/users\/1"}],"replies":[{"embeddable":true,"href":"http:\/\/www.portraittheater.net\/index.php?rest_route=%2Fwp%2Fv2%2Fcomments&post=1143"}],"version-history":[{"count":3,"href":"http:\/\/www.portraittheater.net\/index.php?rest_route=\/wp\/v2\/pages\/1143\/revisions"}],"predecessor-version":[{"id":3045,"href":"http:\/\/www.portraittheater.net\/index.php?rest_route=\/wp\/v2\/pages\/1143\/revisions\/3045"}],"up":[{"embeddable":true,"href":"http:\/\/www.portraittheater.net\/index.php?rest_route=\/wp\/v2\/pages\/137"}],"wp:attachment":[{"href":"http:\/\/www.portraittheater.net\/index.php?rest_route=%2Fwp%2Fv2%2Fmedia&parent=1143"}],"wp:term":[{"taxonomy":"post_tag","embeddable":true,"href":"http:\/\/www.portraittheater.net\/index.php?rest_route=%2Fwp%2Fv2%2Ftags&post=1143"}],"curies":[{"name":"wp","href":"https:\/\/api.w.org\/{rel}","templated":true}]}}