{"id":1731,"date":"2018-11-25T16:12:07","date_gmt":"2018-11-25T15:12:07","guid":{"rendered":"http:\/\/www.portraittheater.net\/?page_id=1731"},"modified":"2024-08-17T15:40:00","modified_gmt":"2024-08-17T13:40:00","slug":"katrin-grumeth-3","status":"publish","type":"page","link":"http:\/\/www.portraittheater.net\/?page_id=1731","title":{"rendered":"Christoph Gareisen"},"content":{"rendered":"<p><img loading=\"lazy\" decoding=\"async\" data-attachment-id=\"1732\" data-permalink=\"http:\/\/www.portraittheater.net\/?attachment_id=1732\" data-orig-file=\"http:\/\/www.portraittheater.net\/wp-content\/uploads\/2018\/11\/ChristophGareisen_UrbanRuths.jpg\" data-orig-size=\"960,960\" data-comments-opened=\"0\" data-image-meta=\"{&quot;aperture&quot;:&quot;0&quot;,&quot;credit&quot;:&quot;&quot;,&quot;camera&quot;:&quot;&quot;,&quot;caption&quot;:&quot;&quot;,&quot;created_timestamp&quot;:&quot;0&quot;,&quot;copyright&quot;:&quot;&quot;,&quot;focal_length&quot;:&quot;0&quot;,&quot;iso&quot;:&quot;0&quot;,&quot;shutter_speed&quot;:&quot;0&quot;,&quot;title&quot;:&quot;&quot;,&quot;orientation&quot;:&quot;0&quot;}\" data-image-title=\"ChristophGareisen_UrbanRuths\" data-image-description=\"\" data-image-caption=\"\" data-large-file=\"http:\/\/www.portraittheater.net\/wp-content\/uploads\/2018\/11\/ChristophGareisen_UrbanRuths.jpg\" class=\"alignnone wp-image-1732 size-medium\" src=\"http:\/\/www.portraittheater.net\/wp-content\/uploads\/2018\/11\/ChristophGareisen_UrbanRuths-300x300.jpg\" alt=\"\" width=\"300\" height=\"300\" srcset=\"http:\/\/www.portraittheater.net\/wp-content\/uploads\/2018\/11\/ChristophGareisen_UrbanRuths-300x300.jpg 300w, http:\/\/www.portraittheater.net\/wp-content\/uploads\/2018\/11\/ChristophGareisen_UrbanRuths-150x150.jpg 150w, http:\/\/www.portraittheater.net\/wp-content\/uploads\/2018\/11\/ChristophGareisen_UrbanRuths-768x768.jpg 768w, http:\/\/www.portraittheater.net\/wp-content\/uploads\/2018\/11\/ChristophGareisen_UrbanRuths-800x800.jpg 800w, http:\/\/www.portraittheater.net\/wp-content\/uploads\/2018\/11\/ChristophGareisen_UrbanRuths-180x180.jpg 180w, http:\/\/www.portraittheater.net\/wp-content\/uploads\/2018\/11\/ChristophGareisen_UrbanRuths-50x50.jpg 50w, http:\/\/www.portraittheater.net\/wp-content\/uploads\/2018\/11\/ChristophGareisen_UrbanRuths.jpg 960w\" sizes=\"auto, (max-width: 300px) 100vw, 300px\" \/><\/p>\n<p><span style=\"color: #000000;\">lebt derzeit in Berlin<\/span><\/p>\n<p><span style=\"color: #000000;\">Er studierte an der Otto-Falckenberg -Schule (Fachakademie f\u00fcr darstellende Kunst) in M\u00fcnchen. Es folgten Engagements an den M\u00fcnchner Kammerspielen, Burgtheater Wien sowie Schaub\u00fchne Berlin. Arbeiten u.a. mit den RegisseurInnen George Tabori, Karin Henkel, Achim Benning, Manfred Karge, Dieter Giesing, Wilfried Minks, Steffi Mohr, Claus Peymann, Mathias Hartmann, Dieter Dorn, Benedict Andrews, Thomas Ostermeier.<\/span><\/p>\n<p><span style=\"color: #000000;\">Seitdem verst\u00e4rkt f\u00fcr Film\/Fernsehen t\u00e4tig, Hauptrollen in preisgekr\u00f6nten Filmen wie \u201eRosenzweigs Freiheit\u201c und Reihen wie \u201eUnter Verdacht\u201c, \u201eTatort\u201c, \u201eRosa Roth\u201c etc.<\/span><\/p>\n<p><a href=\"http:\/\/www.christophgareisen.com\">www.christophgareisen.com<\/a><\/p>\n<p><span style=\"color: #000000;\">Schauspieler bei portraittheater:<\/span><\/p>\n<ul>\n<li><span style=\"color: #000000;\">Kernfragen &#8211; Gedenken an Lise Meitner (<\/span><span style=\"color: #000000;\">Rolle: Max von Laue)<\/span><\/li>\n<li><span style=\"color: #000000;\">Dialog 200. Geburtstag von Hermann von Helmholtz (Rolle: Hermann von Helmholtz)<br \/>\n<\/span><\/li>\n<li><span style=\"color: #000000;\">Core Issues &#8211; Lise Meitner, Max von Laue and Otto Hahn (Rolle: Max von Laue)<br \/>\n<\/span><\/li>\n<\/ul>\n","protected":false},"excerpt":{"rendered":"<p>lebt derzeit in Berlin Er studierte an der Otto-Falckenberg -Schule (Fachakademie f\u00fcr darstellende Kunst) in M\u00fcnchen. Es folgten Engagements an den M\u00fcnchner Kammerspielen, Burgtheater Wien sowie Schaub\u00fchne Berlin. Arbeiten u.a. mit den RegisseurInnen George Tabori, Karin Henkel, Achim Benning, Manfred Karge, Dieter Giesing, Wilfried Minks, Steffi Mohr, Claus Peymann, Mathias Hartmann, Dieter Dorn, Benedict Andrews,&hellip;<\/p>\n","protected":false},"author":3,"featured_media":0,"parent":155,"menu_order":1,"comment_status":"closed","ping_status":"closed","template":"","meta":{"footnotes":""},"tags":[63],"class_list":["post-1731","page","type-page","status-publish","hentry","tag-margarethe-deppe","empty-entry-meta"],"jetpack_sharing_enabled":true,"_links":{"self":[{"href":"http:\/\/www.portraittheater.net\/index.php?rest_route=\/wp\/v2\/pages\/1731","targetHints":{"allow":["GET"]}}],"collection":[{"href":"http:\/\/www.portraittheater.net\/index.php?rest_route=\/wp\/v2\/pages"}],"about":[{"href":"http:\/\/www.portraittheater.net\/index.php?rest_route=\/wp\/v2\/types\/page"}],"author":[{"embeddable":true,"href":"http:\/\/www.portraittheater.net\/index.php?rest_route=\/wp\/v2\/users\/3"}],"replies":[{"embeddable":true,"href":"http:\/\/www.portraittheater.net\/index.php?rest_route=%2Fwp%2Fv2%2Fcomments&post=1731"}],"version-history":[{"count":4,"href":"http:\/\/www.portraittheater.net\/index.php?rest_route=\/wp\/v2\/pages\/1731\/revisions"}],"predecessor-version":[{"id":3662,"href":"http:\/\/www.portraittheater.net\/index.php?rest_route=\/wp\/v2\/pages\/1731\/revisions\/3662"}],"up":[{"embeddable":true,"href":"http:\/\/www.portraittheater.net\/index.php?rest_route=\/wp\/v2\/pages\/155"}],"wp:attachment":[{"href":"http:\/\/www.portraittheater.net\/index.php?rest_route=%2Fwp%2Fv2%2Fmedia&parent=1731"}],"wp:term":[{"taxonomy":"post_tag","embeddable":true,"href":"http:\/\/www.portraittheater.net\/index.php?rest_route=%2Fwp%2Fv2%2Ftags&post=1731"}],"curies":[{"name":"wp","href":"https:\/\/api.w.org\/{rel}","templated":true}]}}