{"id":217,"date":"2016-05-13T11:21:29","date_gmt":"2016-05-13T09:21:29","guid":{"rendered":"http:\/\/www.portraittheater.net\/p\/?page_id=217"},"modified":"2024-09-03T12:38:53","modified_gmt":"2024-09-03T10:38:53","slug":"portraits","status":"publish","type":"page","link":"http:\/\/www.portraittheater.net\/?page_id=217","title":{"rendered":"Portr\u00e4ts"},"content":{"rendered":"<p>Portr\u00e4ts von Personen, die in unseren St\u00fccken thematisiert werden.<\/p>\n<ul>\n<li><a href=\"https:\/\/www.portraittheater.net\/?page_id=219\">Hannah Arendt<\/a><\/li>\n<li><a href=\"https:\/\/www.portraittheater.net\/?page_id=221\">Simone de Beauvoir<\/a><\/li>\n<li><a href=\"https:\/\/www.portraittheater.net\/?page_id=223\">Marie Curie<\/a><\/li>\n<li><a href=\"https:\/\/www.portraittheater.net\/?page_id=3390\">Maria Emhart<\/a><\/li>\n<li><a href=\"https:\/\/www.portraittheater.net\/?page_id=2406\">Williamina Fleming<\/a><\/li>\n<li><a href=\"https:\/\/www.portraittheater.net\/?page_id=2399\">Caroline Herschel<\/a><\/li>\n<li><a href=\"https:\/\/www.portraittheater.net\/?page_id=1366\">Marie Jahoda<\/a><\/li>\n<li><a href=\"https:\/\/www.portraittheater.net\/?page_id=648\">Hedy Lamarr<\/a><\/li>\n<li><a href=\"https:\/\/www.portraittheater.net\/?page_id=1361\">K\u00e4the Leichter<\/a><\/li>\n<li><a href=\"https:\/\/www.portraittheater.net\/?page_id=649\">Rosa Luxemburg<\/a><\/li>\n<li><a href=\"https:\/\/www.portraittheater.net\/?page_id=646\">Lise Meitner<\/a><\/li>\n<li><a href=\"https:\/\/www.portraittheater.net\/?page_id=1983\">Emmy Noether<\/a><\/li>\n<li><a href=\"https:\/\/www.portraittheater.net\/?page_id=2641\">Margarethe Ottillinger<\/a><\/li>\n<li><a href=\"https:\/\/www.portraittheater.net\/?page_id=2402\">Sally Ride<\/a><\/li>\n<li><a href=\"https:\/\/www.portraittheater.net\/?page_id=647\">George Sand<\/a><\/li>\n<li><a href=\"https:\/\/www.portraittheater.net\/?page_id=486\">Bertha von Suttner<\/a><\/li>\n<li><a href=\"https:\/\/www.portraittheater.net\/?page_id=2413\">Valentina Tereshkova<\/a><\/li>\n<\/ul>\n","protected":false},"excerpt":{"rendered":"<p>Portr\u00e4ts von Personen, die in unseren St\u00fccken thematisiert werden. Hannah Arendt Simone de Beauvoir Marie Curie Maria Emhart Williamina Fleming Caroline Herschel Marie Jahoda Hedy Lamarr K\u00e4the Leichter Rosa Luxemburg Lise Meitner Emmy Noether Margarethe Ottillinger Sally Ride George Sand Bertha von Suttner Valentina Tereshkova<\/p>\n","protected":false},"author":1,"featured_media":0,"parent":0,"menu_order":0,"comment_status":"closed","ping_status":"closed","template":"","meta":{"footnotes":""},"tags":[],"class_list":["post-217","page","type-page","status-publish","hentry","empty-entry-meta"],"jetpack_sharing_enabled":true,"_links":{"self":[{"href":"http:\/\/www.portraittheater.net\/index.php?rest_route=\/wp\/v2\/pages\/217","targetHints":{"allow":["GET"]}}],"collection":[{"href":"http:\/\/www.portraittheater.net\/index.php?rest_route=\/wp\/v2\/pages"}],"about":[{"href":"http:\/\/www.portraittheater.net\/index.php?rest_route=\/wp\/v2\/types\/page"}],"author":[{"embeddable":true,"href":"http:\/\/www.portraittheater.net\/index.php?rest_route=\/wp\/v2\/users\/1"}],"replies":[{"embeddable":true,"href":"http:\/\/www.portraittheater.net\/index.php?rest_route=%2Fwp%2Fv2%2Fcomments&post=217"}],"version-history":[{"count":5,"href":"http:\/\/www.portraittheater.net\/index.php?rest_route=\/wp\/v2\/pages\/217\/revisions"}],"predecessor-version":[{"id":3688,"href":"http:\/\/www.portraittheater.net\/index.php?rest_route=\/wp\/v2\/pages\/217\/revisions\/3688"}],"wp:attachment":[{"href":"http:\/\/www.portraittheater.net\/index.php?rest_route=%2Fwp%2Fv2%2Fmedia&parent=217"}],"wp:term":[{"taxonomy":"post_tag","embeddable":true,"href":"http:\/\/www.portraittheater.net\/index.php?rest_route=%2Fwp%2Fv2%2Ftags&post=217"}],"curies":[{"name":"wp","href":"https:\/\/api.w.org\/{rel}","templated":true}]}}