{"id":2413,"date":"2020-10-05T17:15:08","date_gmt":"2020-10-05T15:15:08","guid":{"rendered":"http:\/\/www.portraittheater.net\/?page_id=2413"},"modified":"2024-01-08T13:58:38","modified_gmt":"2024-01-08T12:58:38","slug":"lise-meitner-2-2-4","status":"publish","type":"page","link":"http:\/\/www.portraittheater.net\/?page_id=2413","title":{"rendered":"Valentina Tereshkova"},"content":{"rendered":"<div id=\"attachment_2414\" style=\"width: 195px\" class=\"wp-caption alignnone\"><img loading=\"lazy\" decoding=\"async\" aria-describedby=\"caption-attachment-2414\" data-attachment-id=\"2414\" data-permalink=\"http:\/\/www.portraittheater.net\/?attachment_id=2414\" data-orig-file=\"http:\/\/www.portraittheater.net\/wp-content\/uploads\/2020\/10\/shutterstock_Tereshkova-scaled.jpg\" data-orig-size=\"1665,2560\" data-comments-opened=\"0\" data-image-meta=\"{&quot;aperture&quot;:&quot;0&quot;,&quot;credit&quot;:&quot;&quot;,&quot;camera&quot;:&quot;&quot;,&quot;caption&quot;:&quot;&quot;,&quot;created_timestamp&quot;:&quot;0&quot;,&quot;copyright&quot;:&quot;&quot;,&quot;focal_length&quot;:&quot;0&quot;,&quot;iso&quot;:&quot;0&quot;,&quot;shutter_speed&quot;:&quot;0&quot;,&quot;title&quot;:&quot;&quot;,&quot;orientation&quot;:&quot;0&quot;}\" data-image-title=\"Valentina Tereshkova\" data-image-description=\"\" data-image-caption=\"&lt;p&gt;Alexander V Evstafyev\/Shutterstock&lt;\/p&gt;\n\" data-large-file=\"http:\/\/www.portraittheater.net\/wp-content\/uploads\/2020\/10\/shutterstock_Tereshkova-666x1024.jpg\" class=\"wp-image-2414 size-medium\" src=\"http:\/\/www.portraittheater.net\/wp-content\/uploads\/2020\/10\/shutterstock_Tereshkova-195x300.jpg\" alt=\"\" width=\"195\" height=\"300\" srcset=\"http:\/\/www.portraittheater.net\/wp-content\/uploads\/2020\/10\/shutterstock_Tereshkova-195x300.jpg 195w, http:\/\/www.portraittheater.net\/wp-content\/uploads\/2020\/10\/shutterstock_Tereshkova-666x1024.jpg 666w, http:\/\/www.portraittheater.net\/wp-content\/uploads\/2020\/10\/shutterstock_Tereshkova-768x1181.jpg 768w, http:\/\/www.portraittheater.net\/wp-content\/uploads\/2020\/10\/shutterstock_Tereshkova-999x1536.jpg 999w, http:\/\/www.portraittheater.net\/wp-content\/uploads\/2020\/10\/shutterstock_Tereshkova-1332x2048.jpg 1332w, http:\/\/www.portraittheater.net\/wp-content\/uploads\/2020\/10\/shutterstock_Tereshkova-800x1230.jpg 800w, http:\/\/www.portraittheater.net\/wp-content\/uploads\/2020\/10\/shutterstock_Tereshkova-117x180.jpg 117w, http:\/\/www.portraittheater.net\/wp-content\/uploads\/2020\/10\/shutterstock_Tereshkova-scaled.jpg 1665w\" sizes=\"auto, (max-width: 195px) 100vw, 195px\" \/><p id=\"caption-attachment-2414\" class=\"wp-caption-text\"><span style=\"color: #000000;\">Alexander V Evstafyev\/Shutterstock<\/span><\/p><\/div>\n<p><span style=\"color: #000000;\"><strong>Biographie Valentina Tereshkova<br \/>\n<\/strong><\/span><\/p>\n<p><span style=\"color: #000000;\">Am <strong>6. M\u00e4rz 1937<\/strong> wird Valentina Wladimirowna Tereshkova in Tutajew in Russland geboren. Ihre Mutter Fyodorovna Tereshkova ist Textilarbeiterin, ihr Vater Vladimir Tereshkova ein Kraftfahrer, der im finnischen Winterkrieg ums Leben gekommen ist. Die Familie \u00fcbersiedelt nach dem Tod des Vaters nach Jaroslawl, wo Valentina Tereshkova schon als junge Frau in einer Autoreifen-Fabrik und in einer Weberei arbeitet.<\/span><\/p>\n<p><span style=\"color: #000000;\">Am 21. Mai <strong>1959<\/strong> macht sie nach jahrelanger, wachsender Begeisterung ihren ersten Fallschirmsprung. In ihrer Freizeit engagiert sie sich als Leiterin des Jugendkomitees der Kommunistischen Partei.<\/span><\/p>\n<p><span style=\"color: #000000;\"><strong>1960<\/strong> erh\u00e4lt sie nach einer Ausbildung zur Technikerin am Abendgymnasium ihr Diplom.<\/span><\/p>\n<p><span style=\"color: #000000;\"><strong>1962<\/strong> wird sie nach mehreren Versuchen in das KosmonautInnen-Ausbildungsprogramm aufgenommen.<\/span><\/p>\n<p><span style=\"color: #000000;\">Am <strong>16. Juni 1963<\/strong> startet sie schlie\u00dflich als erste Frau, an Bord der Wostok-5 in den Weltraum. Ihr Funkname ist \u201eTschaika\u201c (\u201eM\u00f6we\u201c). In zwei Tagen, 22 Stunden und 50 Minuten umrundet sie 48 Mal die Erde. Der nach au\u00dfen als makellos verkaufte Flug macht sie von nun an regelrecht zu einer Ikone. Sie ist bis heute die einzige Frau, die je alleine ins Weltall flog.<\/span><\/p>\n<p><span style=\"color: #000000;\">Am <strong>19. Juni 1963<\/strong> kehrt Walentina Tereshkova auf die Erde zur\u00fcck. Nahe Novosibirsk landet sie mit einem Fallschirm bei russischen Bauern, die ihr Nahrung und Milch zu trinken geben. Sie verschenkt ihre AstronautInnennahrung an diese Bauern, was von den wissenschaftlichen Beh\u00f6rden kritisiert wurde, weil nun nicht mehr \u00fcberpr\u00fcft werden konnte, wie viel Nahrung sie im Weltraum zu sich genommen hatte.\u00a0 Jahre sp\u00e4ter wurde allerdings bekannt, dass sie im All gar nichts gegessen hatte, da sie unter der sogenannten Raumkrankheit litt und mit Schwindel, \u00dcbelkeit und Erbrechen zu k\u00e4mpfen hatte. Sie hatte argumentiert, die Astronautennahrung w\u00e4re zu schlecht gewesen, um sie zu essen. Aufgrund ihres Zustandes hielt sie sich nicht an den Flugplan und oftmals brach sie den Kontakt zum Bodenpersonal g\u00e4nzlich ab. Dieses Verhalten f\u00fchrte zu der Aussage des Chefkonstrukteurs Koroljow: \u201eNie wieder wird ein Weib in den Kosmos fliegen!\u201c 20 Jahre lang gilt sie tats\u00e4chlich als \u201eeinzige Frau im All\u201c.<\/span><\/p>\n<p><span style=\"color: #000000;\"><strong>1963<\/strong> reist sie mit Juri Gagarin, dem sie erstmals bei ihrem Training begegnet war nach Kuba, Mexiko, in die USA, nach Kanada, England und Ostdeutschland um sich als Kosmonaut und Kosmonautin feiern zu lassen.<\/span><\/p>\n<p><span style=\"color: #000000;\"><strong>1963<\/strong> heiratet sie Andrijan Nikolajew und bringt im darauffolgenden Jahr ihre Tochter Elena zur Welt. 1980 l\u00e4sst sie sich von Nikolajew scheiden und heiratet den Orthop\u00e4den Juli Georgijewitsch Schaposchnikow.<\/span><\/p>\n<p><span style=\"color: #000000;\">Ab <strong>1964<\/strong> studiert\u00a0 sie an der Schukowski-Ingenieurakademie der sowjetischen Luftstreitkr\u00e4fte.<\/span><\/p>\n<p><span style=\"color: #000000;\"><strong>1966<\/strong> wird sie zur Obersten Sowjet der UdSSR gew\u00e4hlt, zwei Jahre darauf zur Vorsitzenden des Frauenkomitees der kommunistischen Partei der Sowjetunion (KPdSU).<\/span><\/p>\n<p><span style=\"color: #000000;\"><strong>1969<\/strong> beendet sie mit Auszeichnung ihr Studium und wird ein prominentes Mitglied der kommunistischen Partei. Sie repr\u00e4sentiert die UdSSR bei einigen internationalen Events (z. B. bei der UN-Frauenkonferenz 1975).<\/span><\/p>\n<p><span style=\"color: #000000;\"><strong>1995<\/strong> wird sie als erste Frau Russlands zum Generalmajor der Luftwaffe ernannt.<\/span><\/p>\n<p><span style=\"color: #000000;\"><strong>2008<\/strong> zieht Tereshkova mit Putins Partei \u201eEiniges Russland\u201c in Jaroslawl ins Bezirksparlament ein und wird kurze Zeit sp\u00e4ter zur Vizevorsitzenden ernannt. Einige Jahre sp\u00e4ter steigt sie in die Staatsduma in Moskau auf. Sie wurde mit dem Titel \u201eHeld der Sowjetunion\u201c, der Jolliot-Curie Medaille in Gold und etlichen weiteren Ehrungen ausgezeichnet.<\/span><\/p>\n<p>&nbsp;<\/p>\n<blockquote><p><span style=\"color: #000000;\"><em>Ich w\u00fcrde gerne zum Mars fliegen, das war der Traum der ersten Kosmonauten. Ich bin bereit zu fliegen auch ohne zur\u00fcck zu kommen.<\/em><\/span><\/p>\n<p><span style=\"color: #000000;\">Valentina Tereshkova<\/span><\/p><\/blockquote>\n","protected":false},"excerpt":{"rendered":"<p>Biographie Valentina Tereshkova Am 6. M\u00e4rz 1937 wird Valentina Wladimirowna Tereshkova in Tutajew in Russland geboren. Ihre Mutter Fyodorovna Tereshkova ist Textilarbeiterin, ihr Vater Vladimir Tereshkova ein Kraftfahrer, der im finnischen Winterkrieg ums Leben gekommen ist. Die Familie \u00fcbersiedelt nach dem Tod des Vaters nach Jaroslawl, wo Valentina Tereshkova schon als junge Frau in einer&hellip;<\/p>\n","protected":false},"author":3,"featured_media":0,"parent":217,"menu_order":1,"comment_status":"closed","ping_status":"closed","template":"","meta":{"footnotes":""},"tags":[14],"class_list":["post-2413","page","type-page","status-publish","hentry","tag-lise-meitner","empty-entry-meta"],"jetpack_sharing_enabled":true,"_links":{"self":[{"href":"http:\/\/www.portraittheater.net\/index.php?rest_route=\/wp\/v2\/pages\/2413","targetHints":{"allow":["GET"]}}],"collection":[{"href":"http:\/\/www.portraittheater.net\/index.php?rest_route=\/wp\/v2\/pages"}],"about":[{"href":"http:\/\/www.portraittheater.net\/index.php?rest_route=\/wp\/v2\/types\/page"}],"author":[{"embeddable":true,"href":"http:\/\/www.portraittheater.net\/index.php?rest_route=\/wp\/v2\/users\/3"}],"replies":[{"embeddable":true,"href":"http:\/\/www.portraittheater.net\/index.php?rest_route=%2Fwp%2Fv2%2Fcomments&post=2413"}],"version-history":[{"count":2,"href":"http:\/\/www.portraittheater.net\/index.php?rest_route=\/wp\/v2\/pages\/2413\/revisions"}],"predecessor-version":[{"id":3317,"href":"http:\/\/www.portraittheater.net\/index.php?rest_route=\/wp\/v2\/pages\/2413\/revisions\/3317"}],"up":[{"embeddable":true,"href":"http:\/\/www.portraittheater.net\/index.php?rest_route=\/wp\/v2\/pages\/217"}],"wp:attachment":[{"href":"http:\/\/www.portraittheater.net\/index.php?rest_route=%2Fwp%2Fv2%2Fmedia&parent=2413"}],"wp:term":[{"taxonomy":"post_tag","embeddable":true,"href":"http:\/\/www.portraittheater.net\/index.php?rest_route=%2Fwp%2Fv2%2Ftags&post=2413"}],"curies":[{"name":"wp","href":"https:\/\/api.w.org\/{rel}","templated":true}]}}