{"id":3691,"date":"2024-09-26T11:34:14","date_gmt":"2024-09-26T09:34:14","guid":{"rendered":"http:\/\/www.portraittheater.net\/?page_id=3691"},"modified":"2024-10-20T13:15:09","modified_gmt":"2024-10-20T11:15:09","slug":"produktionsfotos-geheimsache-rosa-luxemburg-2-4-2","status":"publish","type":"page","link":"http:\/\/www.portraittheater.net\/?page_id=3691","title":{"rendered":"Produktionsfotos: Maria Emhart &#8211; R\u00e4delsf\u00fchrerin im Kampf f\u00fcr die Demokratie"},"content":{"rendered":"<div data-carousel-extra='{&quot;blog_id&quot;:1,&quot;permalink&quot;:&quot;http:\/\/www.portraittheater.net\/?page_id=3691&quot;}' id='gallery-1' class='gallery galleryid-3691 gallery-columns-3 gallery-size-thumbnail'><figure class='gallery-item'>\n\t\t\t<div class='gallery-icon portrait'>\n\t\t\t\t<a href='http:\/\/www.portraittheater.net\/?attachment_id=3702'><img loading=\"lazy\" decoding=\"async\" width=\"150\" height=\"150\" src=\"http:\/\/www.portraittheater.net\/wp-content\/uploads\/2024\/09\/PT-Maria-Emhart-4079-150x150.jpg\" class=\"attachment-thumbnail size-thumbnail\" alt=\"\" aria-describedby=\"gallery-1-3702\" srcset=\"http:\/\/www.portraittheater.net\/wp-content\/uploads\/2024\/09\/PT-Maria-Emhart-4079-150x150.jpg 150w, http:\/\/www.portraittheater.net\/wp-content\/uploads\/2024\/09\/PT-Maria-Emhart-4079-50x50.jpg 50w\" sizes=\"auto, (max-width: 150px) 100vw, 150px\" data-attachment-id=\"3702\" data-permalink=\"http:\/\/www.portraittheater.net\/?attachment_id=3702\" data-orig-file=\"http:\/\/www.portraittheater.net\/wp-content\/uploads\/2024\/09\/PT-Maria-Emhart-4079-scaled.jpg\" data-orig-size=\"1707,2560\" data-comments-opened=\"0\" data-image-meta=\"{&quot;aperture&quot;:&quot;9&quot;,&quot;credit&quot;:&quot;&quot;,&quot;camera&quot;:&quot;ILCE-7RM4&quot;,&quot;caption&quot;:&quot;&quot;,&quot;created_timestamp&quot;:&quot;1699630131&quot;,&quot;copyright&quot;:&quot;&quot;,&quot;focal_length&quot;:&quot;70&quot;,&quot;iso&quot;:&quot;100&quot;,&quot;shutter_speed&quot;:&quot;0.005&quot;,&quot;title&quot;:&quot;&quot;,&quot;orientation&quot;:&quot;1&quot;}\" data-image-title=\"PT-Maria-Emhart-4079\" data-image-description=\"\" data-image-caption=\"&lt;p&gt;Anita Zieher als Maria Emhart (c) Nela-Valentina Pichl&lt;\/p&gt;\n\" data-large-file=\"http:\/\/www.portraittheater.net\/wp-content\/uploads\/2024\/09\/PT-Maria-Emhart-4079-683x1024.jpg\" \/><\/a>\n\t\t\t<\/div>\n\t\t\t\t<figcaption class='wp-caption-text gallery-caption' id='gallery-1-3702'>\n\t\t\t\tAnita Zieher als Maria Emhart (c) Nela-Valentina Pichl\n\t\t\t\t<\/figcaption><\/figure><figure class='gallery-item'>\n\t\t\t<div class='gallery-icon portrait'>\n\t\t\t\t<a href='http:\/\/www.portraittheater.net\/?attachment_id=3703'><img loading=\"lazy\" decoding=\"async\" width=\"150\" height=\"150\" src=\"http:\/\/www.portraittheater.net\/wp-content\/uploads\/2024\/09\/PT-Maria-Emhart4155-150x150.jpg\" class=\"attachment-thumbnail size-thumbnail\" alt=\"\" aria-describedby=\"gallery-1-3703\" srcset=\"http:\/\/www.portraittheater.net\/wp-content\/uploads\/2024\/09\/PT-Maria-Emhart4155-150x150.jpg 150w, http:\/\/www.portraittheater.net\/wp-content\/uploads\/2024\/09\/PT-Maria-Emhart4155-50x50.jpg 50w\" sizes=\"auto, (max-width: 150px) 100vw, 150px\" data-attachment-id=\"3703\" data-permalink=\"http:\/\/www.portraittheater.net\/?attachment_id=3703\" data-orig-file=\"http:\/\/www.portraittheater.net\/wp-content\/uploads\/2024\/09\/PT-Maria-Emhart4155-scaled.jpg\" data-orig-size=\"1707,2560\" data-comments-opened=\"0\" data-image-meta=\"{&quot;aperture&quot;:&quot;2.8&quot;,&quot;credit&quot;:&quot;&quot;,&quot;camera&quot;:&quot;ILCE-7RM4&quot;,&quot;caption&quot;:&quot;&quot;,&quot;created_timestamp&quot;:&quot;1699632865&quot;,&quot;copyright&quot;:&quot;&quot;,&quot;focal_length&quot;:&quot;70&quot;,&quot;iso&quot;:&quot;100&quot;,&quot;shutter_speed&quot;:&quot;0.004&quot;,&quot;title&quot;:&quot;&quot;,&quot;orientation&quot;:&quot;1&quot;}\" data-image-title=\"PT-Maria-Emhart4155\" data-image-description=\"\" data-image-caption=\"&lt;p&gt;Anita Zieher als Maria Emhart (c) Nela-Valentina Pichl&lt;\/p&gt;\n\" data-large-file=\"http:\/\/www.portraittheater.net\/wp-content\/uploads\/2024\/09\/PT-Maria-Emhart4155-683x1024.jpg\" \/><\/a>\n\t\t\t<\/div>\n\t\t\t\t<figcaption class='wp-caption-text gallery-caption' id='gallery-1-3703'>\n\t\t\t\tAnita Zieher als Maria Emhart (c) Nela-Valentina Pichl\n\t\t\t\t<\/figcaption><\/figure><figure class='gallery-item'>\n\t\t\t<div class='gallery-icon landscape'>\n\t\t\t\t<a href='http:\/\/www.portraittheater.net\/?attachment_id=3704'><img loading=\"lazy\" decoding=\"async\" width=\"150\" height=\"150\" src=\"http:\/\/www.portraittheater.net\/wp-content\/uploads\/2024\/09\/PT-Maria-Emhart4186-150x150.jpg\" class=\"attachment-thumbnail size-thumbnail\" alt=\"\" aria-describedby=\"gallery-1-3704\" srcset=\"http:\/\/www.portraittheater.net\/wp-content\/uploads\/2024\/09\/PT-Maria-Emhart4186-150x150.jpg 150w, http:\/\/www.portraittheater.net\/wp-content\/uploads\/2024\/09\/PT-Maria-Emhart4186-50x50.jpg 50w\" sizes=\"auto, (max-width: 150px) 100vw, 150px\" data-attachment-id=\"3704\" data-permalink=\"http:\/\/www.portraittheater.net\/?attachment_id=3704\" data-orig-file=\"http:\/\/www.portraittheater.net\/wp-content\/uploads\/2024\/09\/PT-Maria-Emhart4186-scaled.jpg\" data-orig-size=\"2560,1707\" data-comments-opened=\"0\" data-image-meta=\"{&quot;aperture&quot;:&quot;2.8&quot;,&quot;credit&quot;:&quot;&quot;,&quot;camera&quot;:&quot;ILCE-7RM4&quot;,&quot;caption&quot;:&quot;&quot;,&quot;created_timestamp&quot;:&quot;1699633279&quot;,&quot;copyright&quot;:&quot;&quot;,&quot;focal_length&quot;:&quot;48&quot;,&quot;iso&quot;:&quot;100&quot;,&quot;shutter_speed&quot;:&quot;0.004&quot;,&quot;title&quot;:&quot;&quot;,&quot;orientation&quot;:&quot;1&quot;}\" data-image-title=\"PT-Maria-Emhart4186\" data-image-description=\"\" data-image-caption=\"&lt;p&gt;Anita Zieher als Maria Emhart (c) Nela-Valentina Pichl&lt;\/p&gt;\n\" data-large-file=\"http:\/\/www.portraittheater.net\/wp-content\/uploads\/2024\/09\/PT-Maria-Emhart4186-1024x683.jpg\" \/><\/a>\n\t\t\t<\/div>\n\t\t\t\t<figcaption class='wp-caption-text gallery-caption' id='gallery-1-3704'>\n\t\t\t\tAnita Zieher als Maria Emhart (c) Nela-Valentina Pichl\n\t\t\t\t<\/figcaption><\/figure>\n\t\t<\/div>\n\n<div data-carousel-extra='{&quot;blog_id&quot;:1,&quot;permalink&quot;:&quot;http:\/\/www.portraittheater.net\/?page_id=3691&quot;}' id='gallery-2' class='gallery galleryid-3691 gallery-columns-3 gallery-size-thumbnail'><figure class='gallery-item'>\n\t\t\t<div class='gallery-icon landscape'>\n\t\t\t\t<a href='http:\/\/www.portraittheater.net\/?attachment_id=3744'><img loading=\"lazy\" decoding=\"async\" width=\"150\" height=\"150\" src=\"http:\/\/www.portraittheater.net\/wp-content\/uploads\/2024\/10\/DSC04519-1-1-150x150.jpg\" class=\"attachment-thumbnail size-thumbnail\" alt=\"\" aria-describedby=\"gallery-2-3744\" srcset=\"http:\/\/www.portraittheater.net\/wp-content\/uploads\/2024\/10\/DSC04519-1-1-150x150.jpg 150w, http:\/\/www.portraittheater.net\/wp-content\/uploads\/2024\/10\/DSC04519-1-1-50x50.jpg 50w\" sizes=\"auto, (max-width: 150px) 100vw, 150px\" data-attachment-id=\"3744\" data-permalink=\"http:\/\/www.portraittheater.net\/?attachment_id=3744\" data-orig-file=\"http:\/\/www.portraittheater.net\/wp-content\/uploads\/2024\/10\/DSC04519-1-1-scaled.jpg\" data-orig-size=\"2560,1707\" data-comments-opened=\"0\" data-image-meta=\"{&quot;aperture&quot;:&quot;2.8&quot;,&quot;credit&quot;:&quot;&quot;,&quot;camera&quot;:&quot;ILCE-7RM4&quot;,&quot;caption&quot;:&quot;&quot;,&quot;created_timestamp&quot;:&quot;1729344430&quot;,&quot;copyright&quot;:&quot;&quot;,&quot;focal_length&quot;:&quot;65&quot;,&quot;iso&quot;:&quot;1600&quot;,&quot;shutter_speed&quot;:&quot;0.005&quot;,&quot;title&quot;:&quot;&quot;,&quot;orientation&quot;:&quot;0&quot;}\" data-image-title=\"DSC04519 1 1\" data-image-description=\"\" data-image-caption=\"&lt;p&gt;portraittheater_\u00a9Nela-Valentina Pichl&lt;\/p&gt;\n\" data-large-file=\"http:\/\/www.portraittheater.net\/wp-content\/uploads\/2024\/10\/DSC04519-1-1-1024x683.jpg\" \/><\/a>\n\t\t\t<\/div>\n\t\t\t\t<figcaption class='wp-caption-text gallery-caption' id='gallery-2-3744'>\n\t\t\t\tportraittheater_\u00a9Nela-Valentina Pichl\n\t\t\t\t<\/figcaption><\/figure><figure class='gallery-item'>\n\t\t\t<div class='gallery-icon portrait'>\n\t\t\t\t<a href='http:\/\/www.portraittheater.net\/?attachment_id=3746'><img loading=\"lazy\" decoding=\"async\" width=\"150\" height=\"150\" src=\"http:\/\/www.portraittheater.net\/wp-content\/uploads\/2024\/10\/DSC04525-150x150.jpg\" class=\"attachment-thumbnail size-thumbnail\" alt=\"\" aria-describedby=\"gallery-2-3746\" srcset=\"http:\/\/www.portraittheater.net\/wp-content\/uploads\/2024\/10\/DSC04525-150x150.jpg 150w, http:\/\/www.portraittheater.net\/wp-content\/uploads\/2024\/10\/DSC04525-50x50.jpg 50w\" sizes=\"auto, (max-width: 150px) 100vw, 150px\" data-attachment-id=\"3746\" data-permalink=\"http:\/\/www.portraittheater.net\/?attachment_id=3746\" data-orig-file=\"http:\/\/www.portraittheater.net\/wp-content\/uploads\/2024\/10\/DSC04525-scaled.jpg\" data-orig-size=\"1707,2560\" data-comments-opened=\"0\" data-image-meta=\"{&quot;aperture&quot;:&quot;2.8&quot;,&quot;credit&quot;:&quot;&quot;,&quot;camera&quot;:&quot;ILCE-7RM4&quot;,&quot;caption&quot;:&quot;&quot;,&quot;created_timestamp&quot;:&quot;1729344503&quot;,&quot;copyright&quot;:&quot;&quot;,&quot;focal_length&quot;:&quot;70&quot;,&quot;iso&quot;:&quot;1600&quot;,&quot;shutter_speed&quot;:&quot;0.005&quot;,&quot;title&quot;:&quot;&quot;,&quot;orientation&quot;:&quot;0&quot;}\" data-image-title=\"DSC04525\" data-image-description=\"\" data-image-caption=\"&lt;p&gt;portraittheater_\u00a9Nela-Valentina Pichl&lt;\/p&gt;\n\" data-large-file=\"http:\/\/www.portraittheater.net\/wp-content\/uploads\/2024\/10\/DSC04525-683x1024.jpg\" \/><\/a>\n\t\t\t<\/div>\n\t\t\t\t<figcaption class='wp-caption-text gallery-caption' id='gallery-2-3746'>\n\t\t\t\tportraittheater_\u00a9Nela-Valentina Pichl\n\t\t\t\t<\/figcaption><\/figure><figure class='gallery-item'>\n\t\t\t<div class='gallery-icon landscape'>\n\t\t\t\t<a href='http:\/\/www.portraittheater.net\/?attachment_id=3738'><img loading=\"lazy\" decoding=\"async\" width=\"150\" height=\"150\" src=\"http:\/\/www.portraittheater.net\/wp-content\/uploads\/2024\/10\/DSC04413-150x150.jpg\" class=\"attachment-thumbnail size-thumbnail\" alt=\"\" aria-describedby=\"gallery-2-3738\" srcset=\"http:\/\/www.portraittheater.net\/wp-content\/uploads\/2024\/10\/DSC04413-150x150.jpg 150w, http:\/\/www.portraittheater.net\/wp-content\/uploads\/2024\/10\/DSC04413-50x50.jpg 50w\" sizes=\"auto, (max-width: 150px) 100vw, 150px\" data-attachment-id=\"3738\" data-permalink=\"http:\/\/www.portraittheater.net\/?attachment_id=3738\" data-orig-file=\"http:\/\/www.portraittheater.net\/wp-content\/uploads\/2024\/10\/DSC04413-scaled.jpg\" data-orig-size=\"2560,1707\" data-comments-opened=\"0\" data-image-meta=\"{&quot;aperture&quot;:&quot;4.5&quot;,&quot;credit&quot;:&quot;&quot;,&quot;camera&quot;:&quot;ILCE-7RM4&quot;,&quot;caption&quot;:&quot;&quot;,&quot;created_timestamp&quot;:&quot;1729343438&quot;,&quot;copyright&quot;:&quot;&quot;,&quot;focal_length&quot;:&quot;44&quot;,&quot;iso&quot;:&quot;1600&quot;,&quot;shutter_speed&quot;:&quot;0.005&quot;,&quot;title&quot;:&quot;&quot;,&quot;orientation&quot;:&quot;0&quot;}\" data-image-title=\"DSC04413\" data-image-description=\"\" data-image-caption=\"&lt;p&gt;portraittheater_\u00a9Nela-Valentina Pichl&lt;\/p&gt;\n\" data-large-file=\"http:\/\/www.portraittheater.net\/wp-content\/uploads\/2024\/10\/DSC04413-1024x683.jpg\" \/><\/a>\n\t\t\t<\/div>\n\t\t\t\t<figcaption class='wp-caption-text gallery-caption' id='gallery-2-3738'>\n\t\t\t\tportraittheater_\u00a9Nela-Valentina Pichl\n\t\t\t\t<\/figcaption><\/figure><figure class='gallery-item'>\n\t\t\t<div class='gallery-icon landscape'>\n\t\t\t\t<a href='http:\/\/www.portraittheater.net\/?attachment_id=3741'><img loading=\"lazy\" decoding=\"async\" width=\"150\" height=\"150\" src=\"http:\/\/www.portraittheater.net\/wp-content\/uploads\/2024\/10\/DSC04493-150x150.jpg\" class=\"attachment-thumbnail size-thumbnail\" alt=\"\" aria-describedby=\"gallery-2-3741\" srcset=\"http:\/\/www.portraittheater.net\/wp-content\/uploads\/2024\/10\/DSC04493-150x150.jpg 150w, http:\/\/www.portraittheater.net\/wp-content\/uploads\/2024\/10\/DSC04493-50x50.jpg 50w\" sizes=\"auto, (max-width: 150px) 100vw, 150px\" data-attachment-id=\"3741\" data-permalink=\"http:\/\/www.portraittheater.net\/?attachment_id=3741\" data-orig-file=\"http:\/\/www.portraittheater.net\/wp-content\/uploads\/2024\/10\/DSC04493-scaled.jpg\" data-orig-size=\"2560,1706\" data-comments-opened=\"0\" data-image-meta=\"{&quot;aperture&quot;:&quot;3.5&quot;,&quot;credit&quot;:&quot;&quot;,&quot;camera&quot;:&quot;ILCE-7RM4&quot;,&quot;caption&quot;:&quot;&quot;,&quot;created_timestamp&quot;:&quot;1729344172&quot;,&quot;copyright&quot;:&quot;&quot;,&quot;focal_length&quot;:&quot;56&quot;,&quot;iso&quot;:&quot;1600&quot;,&quot;shutter_speed&quot;:&quot;0.005&quot;,&quot;title&quot;:&quot;&quot;,&quot;orientation&quot;:&quot;0&quot;}\" data-image-title=\"DSC04493\" data-image-description=\"\" data-image-caption=\"&lt;p&gt;portraittheater_\u00a9Nela-Valentina Pichl&lt;\/p&gt;\n\" data-large-file=\"http:\/\/www.portraittheater.net\/wp-content\/uploads\/2024\/10\/DSC04493-1024x683.jpg\" \/><\/a>\n\t\t\t<\/div>\n\t\t\t\t<figcaption class='wp-caption-text gallery-caption' id='gallery-2-3741'>\n\t\t\t\tportraittheater_\u00a9Nela-Valentina Pichl\n\t\t\t\t<\/figcaption><\/figure><figure class='gallery-item'>\n\t\t\t<div class='gallery-icon landscape'>\n\t\t\t\t<a href='http:\/\/www.portraittheater.net\/?attachment_id=3739'><img loading=\"lazy\" decoding=\"async\" width=\"150\" height=\"150\" src=\"http:\/\/www.portraittheater.net\/wp-content\/uploads\/2024\/10\/DSC04466-150x150.jpg\" class=\"attachment-thumbnail size-thumbnail\" alt=\"\" aria-describedby=\"gallery-2-3739\" srcset=\"http:\/\/www.portraittheater.net\/wp-content\/uploads\/2024\/10\/DSC04466-150x150.jpg 150w, http:\/\/www.portraittheater.net\/wp-content\/uploads\/2024\/10\/DSC04466-50x50.jpg 50w\" sizes=\"auto, (max-width: 150px) 100vw, 150px\" data-attachment-id=\"3739\" data-permalink=\"http:\/\/www.portraittheater.net\/?attachment_id=3739\" data-orig-file=\"http:\/\/www.portraittheater.net\/wp-content\/uploads\/2024\/10\/DSC04466-scaled.jpg\" data-orig-size=\"2560,1707\" data-comments-opened=\"0\" data-image-meta=\"{&quot;aperture&quot;:&quot;4.5&quot;,&quot;credit&quot;:&quot;&quot;,&quot;camera&quot;:&quot;ILCE-7RM4&quot;,&quot;caption&quot;:&quot;&quot;,&quot;created_timestamp&quot;:&quot;1729343773&quot;,&quot;copyright&quot;:&quot;&quot;,&quot;focal_length&quot;:&quot;49&quot;,&quot;iso&quot;:&quot;1600&quot;,&quot;shutter_speed&quot;:&quot;0.005&quot;,&quot;title&quot;:&quot;&quot;,&quot;orientation&quot;:&quot;0&quot;}\" data-image-title=\"DSC04466\" data-image-description=\"\" data-image-caption=\"&lt;p&gt;portraittheater_\u00a9Nela-Valentina Pichl&lt;\/p&gt;\n\" data-large-file=\"http:\/\/www.portraittheater.net\/wp-content\/uploads\/2024\/10\/DSC04466-1024x683.jpg\" \/><\/a>\n\t\t\t<\/div>\n\t\t\t\t<figcaption class='wp-caption-text gallery-caption' id='gallery-2-3739'>\n\t\t\t\tportraittheater_\u00a9Nela-Valentina Pichl\n\t\t\t\t<\/figcaption><\/figure><figure class='gallery-item'>\n\t\t\t<div class='gallery-icon portrait'>\n\t\t\t\t<a href='http:\/\/www.portraittheater.net\/?attachment_id=3742'><img loading=\"lazy\" decoding=\"async\" width=\"150\" height=\"150\" src=\"http:\/\/www.portraittheater.net\/wp-content\/uploads\/2024\/10\/DSC04508-150x150.jpg\" class=\"attachment-thumbnail size-thumbnail\" alt=\"\" aria-describedby=\"gallery-2-3742\" srcset=\"http:\/\/www.portraittheater.net\/wp-content\/uploads\/2024\/10\/DSC04508-150x150.jpg 150w, http:\/\/www.portraittheater.net\/wp-content\/uploads\/2024\/10\/DSC04508-50x50.jpg 50w\" sizes=\"auto, (max-width: 150px) 100vw, 150px\" data-attachment-id=\"3742\" data-permalink=\"http:\/\/www.portraittheater.net\/?attachment_id=3742\" data-orig-file=\"http:\/\/www.portraittheater.net\/wp-content\/uploads\/2024\/10\/DSC04508-scaled.jpg\" data-orig-size=\"1706,2560\" data-comments-opened=\"0\" data-image-meta=\"{&quot;aperture&quot;:&quot;2.8&quot;,&quot;credit&quot;:&quot;&quot;,&quot;camera&quot;:&quot;ILCE-7RM4&quot;,&quot;caption&quot;:&quot;&quot;,&quot;created_timestamp&quot;:&quot;1729344402&quot;,&quot;copyright&quot;:&quot;&quot;,&quot;focal_length&quot;:&quot;24&quot;,&quot;iso&quot;:&quot;1600&quot;,&quot;shutter_speed&quot;:&quot;0.005&quot;,&quot;title&quot;:&quot;&quot;,&quot;orientation&quot;:&quot;0&quot;}\" data-image-title=\"DSC04508\" data-image-description=\"\" data-image-caption=\"&lt;p&gt;portraittheater_\u00a9Nela-Valentina Pichl&lt;\/p&gt;\n\" data-large-file=\"http:\/\/www.portraittheater.net\/wp-content\/uploads\/2024\/10\/DSC04508-683x1024.jpg\" \/><\/a>\n\t\t\t<\/div>\n\t\t\t\t<figcaption class='wp-caption-text gallery-caption' id='gallery-2-3742'>\n\t\t\t\tportraittheater_\u00a9Nela-Valentina Pichl\n\t\t\t\t<\/figcaption><\/figure><figure class='gallery-item'>\n\t\t\t<div class='gallery-icon landscape'>\n\t\t\t\t<a href='http:\/\/www.portraittheater.net\/?attachment_id=3743'><img loading=\"lazy\" decoding=\"async\" width=\"150\" height=\"150\" src=\"http:\/\/www.portraittheater.net\/wp-content\/uploads\/2024\/10\/DSC04515-150x150.jpg\" class=\"attachment-thumbnail size-thumbnail\" alt=\"\" aria-describedby=\"gallery-2-3743\" srcset=\"http:\/\/www.portraittheater.net\/wp-content\/uploads\/2024\/10\/DSC04515-150x150.jpg 150w, http:\/\/www.portraittheater.net\/wp-content\/uploads\/2024\/10\/DSC04515-50x50.jpg 50w\" sizes=\"auto, (max-width: 150px) 100vw, 150px\" data-attachment-id=\"3743\" data-permalink=\"http:\/\/www.portraittheater.net\/?attachment_id=3743\" data-orig-file=\"http:\/\/www.portraittheater.net\/wp-content\/uploads\/2024\/10\/DSC04515-scaled.jpg\" data-orig-size=\"2560,1707\" data-comments-opened=\"0\" data-image-meta=\"{&quot;aperture&quot;:&quot;2.8&quot;,&quot;credit&quot;:&quot;&quot;,&quot;camera&quot;:&quot;ILCE-7RM4&quot;,&quot;caption&quot;:&quot;&quot;,&quot;created_timestamp&quot;:&quot;1729344423&quot;,&quot;copyright&quot;:&quot;&quot;,&quot;focal_length&quot;:&quot;59&quot;,&quot;iso&quot;:&quot;1600&quot;,&quot;shutter_speed&quot;:&quot;0.005&quot;,&quot;title&quot;:&quot;&quot;,&quot;orientation&quot;:&quot;0&quot;}\" data-image-title=\"DSC04515\" data-image-description=\"\" data-image-caption=\"&lt;p&gt;portraittheater_\u00a9Nela-Valentina Pichl&lt;\/p&gt;\n\" data-large-file=\"http:\/\/www.portraittheater.net\/wp-content\/uploads\/2024\/10\/DSC04515-1024x683.jpg\" \/><\/a>\n\t\t\t<\/div>\n\t\t\t\t<figcaption class='wp-caption-text gallery-caption' id='gallery-2-3743'>\n\t\t\t\tportraittheater_\u00a9Nela-Valentina Pichl\n\t\t\t\t<\/figcaption><\/figure><figure class='gallery-item'>\n\t\t\t<div class='gallery-icon landscape'>\n\t\t\t\t<a href='http:\/\/www.portraittheater.net\/?attachment_id=3747'><img loading=\"lazy\" decoding=\"async\" width=\"150\" height=\"150\" src=\"http:\/\/www.portraittheater.net\/wp-content\/uploads\/2024\/10\/DSC04549-150x150.jpg\" class=\"attachment-thumbnail size-thumbnail\" alt=\"\" aria-describedby=\"gallery-2-3747\" srcset=\"http:\/\/www.portraittheater.net\/wp-content\/uploads\/2024\/10\/DSC04549-150x150.jpg 150w, http:\/\/www.portraittheater.net\/wp-content\/uploads\/2024\/10\/DSC04549-50x50.jpg 50w\" sizes=\"auto, (max-width: 150px) 100vw, 150px\" data-attachment-id=\"3747\" data-permalink=\"http:\/\/www.portraittheater.net\/?attachment_id=3747\" data-orig-file=\"http:\/\/www.portraittheater.net\/wp-content\/uploads\/2024\/10\/DSC04549-scaled.jpg\" data-orig-size=\"2560,1707\" data-comments-opened=\"0\" data-image-meta=\"{&quot;aperture&quot;:&quot;4.5&quot;,&quot;credit&quot;:&quot;&quot;,&quot;camera&quot;:&quot;ILCE-7RM4&quot;,&quot;caption&quot;:&quot;&quot;,&quot;created_timestamp&quot;:&quot;1729344593&quot;,&quot;copyright&quot;:&quot;&quot;,&quot;focal_length&quot;:&quot;41&quot;,&quot;iso&quot;:&quot;1600&quot;,&quot;shutter_speed&quot;:&quot;0.003125&quot;,&quot;title&quot;:&quot;&quot;,&quot;orientation&quot;:&quot;0&quot;}\" data-image-title=\"DSC04549\" data-image-description=\"\" data-image-caption=\"&lt;p&gt;portraittheater_\u00a9Nela-Valentina Pichl&lt;\/p&gt;\n\" data-large-file=\"http:\/\/www.portraittheater.net\/wp-content\/uploads\/2024\/10\/DSC04549-1024x683.jpg\" \/><\/a>\n\t\t\t<\/div>\n\t\t\t\t<figcaption class='wp-caption-text gallery-caption' id='gallery-2-3747'>\n\t\t\t\tportraittheater_\u00a9Nela-Valentina Pichl\n\t\t\t\t<\/figcaption><\/figure><figure class='gallery-item'>\n\t\t\t<div class='gallery-icon landscape'>\n\t\t\t\t<a href='http:\/\/www.portraittheater.net\/?attachment_id=3749'><img loading=\"lazy\" decoding=\"async\" width=\"150\" height=\"150\" src=\"http:\/\/www.portraittheater.net\/wp-content\/uploads\/2024\/10\/DSC04576-150x150.jpg\" class=\"attachment-thumbnail size-thumbnail\" alt=\"\" aria-describedby=\"gallery-2-3749\" srcset=\"http:\/\/www.portraittheater.net\/wp-content\/uploads\/2024\/10\/DSC04576-150x150.jpg 150w, http:\/\/www.portraittheater.net\/wp-content\/uploads\/2024\/10\/DSC04576-50x50.jpg 50w\" sizes=\"auto, (max-width: 150px) 100vw, 150px\" data-attachment-id=\"3749\" data-permalink=\"http:\/\/www.portraittheater.net\/?attachment_id=3749\" data-orig-file=\"http:\/\/www.portraittheater.net\/wp-content\/uploads\/2024\/10\/DSC04576-scaled.jpg\" data-orig-size=\"2560,1707\" data-comments-opened=\"0\" data-image-meta=\"{&quot;aperture&quot;:&quot;4.5&quot;,&quot;credit&quot;:&quot;&quot;,&quot;camera&quot;:&quot;ILCE-7RM4&quot;,&quot;caption&quot;:&quot;&quot;,&quot;created_timestamp&quot;:&quot;1729344735&quot;,&quot;copyright&quot;:&quot;&quot;,&quot;focal_length&quot;:&quot;60&quot;,&quot;iso&quot;:&quot;1600&quot;,&quot;shutter_speed&quot;:&quot;0.004&quot;,&quot;title&quot;:&quot;&quot;,&quot;orientation&quot;:&quot;0&quot;}\" data-image-title=\"DSC04576\" data-image-description=\"\" data-image-caption=\"&lt;p&gt;portraittheater_\u00a9Nela-Valentina Pichl&lt;\/p&gt;\n\" data-large-file=\"http:\/\/www.portraittheater.net\/wp-content\/uploads\/2024\/10\/DSC04576-1024x683.jpg\" \/><\/a>\n\t\t\t<\/div>\n\t\t\t\t<figcaption class='wp-caption-text gallery-caption' id='gallery-2-3749'>\n\t\t\t\tportraittheater_\u00a9Nela-Valentina Pichl\n\t\t\t\t<\/figcaption><\/figure>\n\t\t<\/div>\n\n","protected":false},"excerpt":{"rendered":"","protected":false},"author":3,"featured_media":0,"parent":235,"menu_order":0,"comment_status":"closed","ping_status":"closed","template":"","meta":{"footnotes":""},"tags":[90,89,91,84,42],"class_list":["post-3691","page","type-page","status-publish","hentry","tag-arbeit","tag-kaethe-leichter","tag-lebensnah","tag-marie-jahoda","tag-prodfotos","empty-entry-meta"],"jetpack_sharing_enabled":true,"_links":{"self":[{"href":"http:\/\/www.portraittheater.net\/index.php?rest_route=\/wp\/v2\/pages\/3691","targetHints":{"allow":["GET"]}}],"collection":[{"href":"http:\/\/www.portraittheater.net\/index.php?rest_route=\/wp\/v2\/pages"}],"about":[{"href":"http:\/\/www.portraittheater.net\/index.php?rest_route=\/wp\/v2\/types\/page"}],"author":[{"embeddable":true,"href":"http:\/\/www.portraittheater.net\/index.php?rest_route=\/wp\/v2\/users\/3"}],"replies":[{"embeddable":true,"href":"http:\/\/www.portraittheater.net\/index.php?rest_route=%2Fwp%2Fv2%2Fcomments&post=3691"}],"version-history":[{"count":4,"href":"http:\/\/www.portraittheater.net\/index.php?rest_route=\/wp\/v2\/pages\/3691\/revisions"}],"predecessor-version":[{"id":3750,"href":"http:\/\/www.portraittheater.net\/index.php?rest_route=\/wp\/v2\/pages\/3691\/revisions\/3750"}],"up":[{"embeddable":true,"href":"http:\/\/www.portraittheater.net\/index.php?rest_route=\/wp\/v2\/pages\/235"}],"wp:attachment":[{"href":"http:\/\/www.portraittheater.net\/index.php?rest_route=%2Fwp%2Fv2%2Fmedia&parent=3691"}],"wp:term":[{"taxonomy":"post_tag","embeddable":true,"href":"http:\/\/www.portraittheater.net\/index.php?rest_route=%2Fwp%2Fv2%2Ftags&post=3691"}],"curies":[{"name":"wp","href":"https:\/\/api.w.org\/{rel}","templated":true}]}}