{"id":1060,"date":"2016-09-02T18:25:14","date_gmt":"2016-09-02T16:25:14","guid":{"rendered":"http:\/\/www.portraittheater.net\/?page_id=1060"},"modified":"2020-01-12T18:39:24","modified_gmt":"2020-01-12T17:39:24","slug":"termine","status":"publish","type":"page","link":"https:\/\/www.portraittheater.net\/?page_id=1060","title":{"rendered":"Termine"},"content":{"rendered":"<h6><a href=\"?page_id=1068\">&larr; Vergangene Termine<\/a><\/h6>\n<div class=\"em em-view-container\" id=\"em-view-1259152423\" data-view=\"list-grouped\">\r\n\t<div class=\"em pixelbones em-list em-events-list em-events-list-grouped\" id=\"em-events-list-grouped-1259152423\">\r\n\t<h5>2026<\/h5><table cellpadding=\"0\" cellspacing=\"0\" class=\"events-table\" >\r\n    <tbody><tr>\r\n\t\t\t<td>\r\n                22.04.2026\r\n            <\/td>\r\n            <td>\r\n                <a href=\"https:\/\/www.portraittheater.net\/?event=margarethe-ottillinger-lassen-sie-mich-arbeiten-29\">Margarethe Ottillinger: Lassen Sie mich arbeiten!<\/a>\r\n                <br\/><i>Universit\u00e4t Mailand in Kooperation mit dem \u00d6sterreichischen Kulturforum Mailand, Milano <\/i>\r\n            <\/td>\r\n        <\/tr><tr>\r\n\t\t\t<td>\r\n                24.04.2026\r\n            <\/td>\r\n            <td>\r\n                <a href=\"https:\/\/www.portraittheater.net\/?event=margarethe-ottillinger-lassen-sie-mich-arbeiten-30\">Margarethe Ottillinger: Lassen Sie mich arbeiten!<\/a>\r\n                <br\/><i>Universit\u00e4t Florenz in Kooperation mit dem \u00d6sterreichischen Kulturforum Rom, Firenze <\/i>\r\n            <\/td>\r\n        <\/tr><tr>\r\n\t\t\t<td>\r\n                20.05.2026\r\n            <\/td>\r\n            <td>\r\n                <a href=\"https:\/\/www.portraittheater.net\/?event=maria-emhart-raedelsfuehrerin-im-kampf-fuer-die-demokratie-zum-125-geburtstag-2\">Maria Emhart - R\u00e4delsf\u00fchrerin im Kampf f\u00fcr die Demokratie - Zum 125. Geburtstag<\/a>\r\n                <br\/><i>Kulturinitiative W\u00e4hring, Wien <\/i>\r\n            <\/td>\r\n        <\/tr><tr>\r\n\t\t\t<td>\r\n                28.05.2026\r\n            <\/td>\r\n            <td>\r\n                <a href=\"https:\/\/www.portraittheater.net\/?event=maria-emhart-raedelsfuehrerin-im-kampf-fuer-die-demokratie-14\">Maria Emhart - R\u00e4delsf\u00fchrerin im Kampf f\u00fcr die Demokratie - Zum 125. Geburtstag<\/a>\r\n                <br\/><i>Cinema Paradiso, St. P\u00f6lten <\/i>\r\n            <\/td>\r\n        <\/tr><\/tbody><\/table>\t<\/div>\r\n<\/div>\n","protected":false},"excerpt":{"rendered":"<p>&larr; Vergangene Termine<\/p>\n","protected":false},"author":1,"featured_media":0,"parent":0,"menu_order":0,"comment_status":"closed","ping_status":"closed","template":"","meta":{"footnotes":""},"tags":[],"class_list":["post-1060","page","type-page","status-publish","hentry","empty-entry-meta"],"jetpack_sharing_enabled":true,"_links":{"self":[{"href":"https:\/\/www.portraittheater.net\/index.php?rest_route=\/wp\/v2\/pages\/1060","targetHints":{"allow":["GET"]}}],"collection":[{"href":"https:\/\/www.portraittheater.net\/index.php?rest_route=\/wp\/v2\/pages"}],"about":[{"href":"https:\/\/www.portraittheater.net\/index.php?rest_route=\/wp\/v2\/types\/page"}],"author":[{"embeddable":true,"href":"https:\/\/www.portraittheater.net\/index.php?rest_route=\/wp\/v2\/users\/1"}],"replies":[{"embeddable":true,"href":"https:\/\/www.portraittheater.net\/index.php?rest_route=%2Fwp%2Fv2%2Fcomments&post=1060"}],"version-history":[{"count":16,"href":"https:\/\/www.portraittheater.net\/index.php?rest_route=\/wp\/v2\/pages\/1060\/revisions"}],"predecessor-version":[{"id":2280,"href":"https:\/\/www.portraittheater.net\/index.php?rest_route=\/wp\/v2\/pages\/1060\/revisions\/2280"}],"wp:attachment":[{"href":"https:\/\/www.portraittheater.net\/index.php?rest_route=%2Fwp%2Fv2%2Fmedia&parent=1060"}],"wp:term":[{"taxonomy":"post_tag","embeddable":true,"href":"https:\/\/www.portraittheater.net\/index.php?rest_route=%2Fwp%2Fv2%2Ftags&post=1060"}],"curies":[{"name":"wp","href":"https:\/\/api.w.org\/{rel}","templated":true}]}}