{"id":1095,"date":"2016-09-23T19:45:39","date_gmt":"2016-09-23T17:45:39","guid":{"rendered":"http:\/\/www.portraittheater.net\/?page_id=1095"},"modified":"2024-08-17T15:47:29","modified_gmt":"2024-08-17T13:47:29","slug":"udo-bachmair","status":"publish","type":"page","link":"https:\/\/www.portraittheater.net\/?page_id=1095","title":{"rendered":"Udo Bachmair"},"content":{"rendered":"<div id=\"attachment_1222\" style=\"width: 200px\" class=\"wp-caption alignnone\"><a href=\"http:\/\/www.portraittheater.net\/wp-content\/uploads\/2016\/09\/udobachmair.jpg\"><img loading=\"lazy\" decoding=\"async\" aria-describedby=\"caption-attachment-1222\" data-attachment-id=\"1222\" data-permalink=\"https:\/\/www.portraittheater.net\/?attachment_id=1222\" data-orig-file=\"https:\/\/www.portraittheater.net\/wp-content\/uploads\/2016\/09\/udobachmair.jpg\" data-orig-size=\"250,229\" data-comments-opened=\"0\" data-image-meta=\"{&quot;aperture&quot;:&quot;0&quot;,&quot;credit&quot;:&quot;&quot;,&quot;camera&quot;:&quot;&quot;,&quot;caption&quot;:&quot;&quot;,&quot;created_timestamp&quot;:&quot;0&quot;,&quot;copyright&quot;:&quot;&quot;,&quot;focal_length&quot;:&quot;0&quot;,&quot;iso&quot;:&quot;0&quot;,&quot;shutter_speed&quot;:&quot;0&quot;,&quot;title&quot;:&quot;&quot;,&quot;orientation&quot;:&quot;0&quot;}\" data-image-title=\"Udo Bachmair\" data-image-description=\"\" data-image-caption=\"\" data-large-file=\"https:\/\/www.portraittheater.net\/wp-content\/uploads\/2016\/09\/udobachmair.jpg\" class=\"wp-image-1222\" src=\"http:\/\/www.portraittheater.net\/wp-content\/uploads\/2016\/09\/udobachmair.jpg\" alt=\"Udo Bachmair\" width=\"200\" height=\"183\" srcset=\"https:\/\/www.portraittheater.net\/wp-content\/uploads\/2016\/09\/udobachmair.jpg 250w, https:\/\/www.portraittheater.net\/wp-content\/uploads\/2016\/09\/udobachmair-197x180.jpg 197w\" sizes=\"auto, (max-width: 200px) 100vw, 200px\" \/><\/a><p id=\"caption-attachment-1222\" class=\"wp-caption-text\">Udo Bachmair<br \/>Interviewer<\/p><\/div>\n<p><span style=\"color: #000000;\">geboren in Eisenerz, lebt in Wien. Nach dem Studium der Politikwissenschaft in Salzburg begann er 1979 seine T\u00e4tigkeit beim ORF in Wien und arbeitete vorwiegend als Redakteur und Moderator der aktuellen \u00d61-Journale. Zudem war er Pr\u00e4sentator der TV-Sendung &#8222;Kreuz &amp; Quer&#8220; und zuletzt stellvertretender \u00d61-Info-Chef. Seit 2012 ist er freiberuflich t\u00e4tig und seit 2014 Pr\u00e4sident der Vereinigung f\u00fcr Medienkultur.<\/span><\/p>\n<p><span style=\"color: #000000;\"><a style=\"color: #000000;\" href=\"http:\/\/www.medienkultur.at\" target=\"_blank\" rel=\"noopener\">www.medienkultur.at<\/a><\/span><\/p>\n<p><span style=\"color: #000000;\">Sprecher, Schauspieler bei portraittheater:<\/span><\/p>\n<ul>\n<li><span style=\"color: #000000;\">PEACE PLEASE! Ein Bertha von Suttner Journal<\/span><\/li>\n<li><span style=\"color: #000000;\">Zu Gast bei Bertha von Suttner<\/span><\/li>\n<\/ul>\n","protected":false},"excerpt":{"rendered":"<p>geboren in Eisenerz, lebt in Wien. Nach dem Studium der Politikwissenschaft in Salzburg begann er 1979 seine T\u00e4tigkeit beim ORF in Wien und arbeitete vorwiegend als Redakteur und Moderator der aktuellen \u00d61-Journale. Zudem war er Pr\u00e4sentator der TV-Sendung &#8222;Kreuz &amp; Quer&#8220; und zuletzt stellvertretender \u00d61-Info-Chef. Seit 2012 ist er freiberuflich t\u00e4tig und seit 2014 Pr\u00e4sident&hellip;<\/p>\n","protected":false},"author":1,"featured_media":0,"parent":155,"menu_order":1,"comment_status":"closed","ping_status":"closed","template":"","meta":{"footnotes":""},"tags":[75],"class_list":["post-1095","page","type-page","status-publish","hentry","tag-udo-bachmair","empty-entry-meta"],"jetpack_sharing_enabled":true,"_links":{"self":[{"href":"https:\/\/www.portraittheater.net\/index.php?rest_route=\/wp\/v2\/pages\/1095","targetHints":{"allow":["GET"]}}],"collection":[{"href":"https:\/\/www.portraittheater.net\/index.php?rest_route=\/wp\/v2\/pages"}],"about":[{"href":"https:\/\/www.portraittheater.net\/index.php?rest_route=\/wp\/v2\/types\/page"}],"author":[{"embeddable":true,"href":"https:\/\/www.portraittheater.net\/index.php?rest_route=\/wp\/v2\/users\/1"}],"replies":[{"embeddable":true,"href":"https:\/\/www.portraittheater.net\/index.php?rest_route=%2Fwp%2Fv2%2Fcomments&post=1095"}],"version-history":[{"count":7,"href":"https:\/\/www.portraittheater.net\/index.php?rest_route=\/wp\/v2\/pages\/1095\/revisions"}],"predecessor-version":[{"id":3669,"href":"https:\/\/www.portraittheater.net\/index.php?rest_route=\/wp\/v2\/pages\/1095\/revisions\/3669"}],"up":[{"embeddable":true,"href":"https:\/\/www.portraittheater.net\/index.php?rest_route=\/wp\/v2\/pages\/155"}],"wp:attachment":[{"href":"https:\/\/www.portraittheater.net\/index.php?rest_route=%2Fwp%2Fv2%2Fmedia&parent=1095"}],"wp:term":[{"taxonomy":"post_tag","embeddable":true,"href":"https:\/\/www.portraittheater.net\/index.php?rest_route=%2Fwp%2Fv2%2Ftags&post=1095"}],"curies":[{"name":"wp","href":"https:\/\/api.w.org\/{rel}","templated":true}]}}