{"id":1099,"date":"2016-09-23T19:49:36","date_gmt":"2016-09-23T17:49:36","guid":{"rendered":"http:\/\/www.portraittheater.net\/?page_id=1099"},"modified":"2024-08-17T15:52:19","modified_gmt":"2024-08-17T13:52:19","slug":"rudi-hausmann","status":"publish","type":"page","link":"https:\/\/www.portraittheater.net\/?page_id=1099","title":{"rendered":"Rudi Hausmann"},"content":{"rendered":"<div id=\"attachment_3672\" style=\"width: 219px\" class=\"wp-caption alignleft\"><img loading=\"lazy\" decoding=\"async\" aria-describedby=\"caption-attachment-3672\" data-attachment-id=\"3672\" data-permalink=\"https:\/\/www.portraittheater.net\/?attachment_id=3672\" data-orig-file=\"https:\/\/www.portraittheater.net\/wp-content\/uploads\/2024\/08\/IMG_20221009_110944-2.jpg\" data-orig-size=\"1166,1594\" data-comments-opened=\"0\" data-image-meta=\"{&quot;aperture&quot;:&quot;1.6&quot;,&quot;credit&quot;:&quot;&quot;,&quot;camera&quot;:&quot;VOG-L29&quot;,&quot;caption&quot;:&quot;oznorCO_soft&quot;,&quot;created_timestamp&quot;:&quot;1664540928&quot;,&quot;copyright&quot;:&quot;&quot;,&quot;focal_length&quot;:&quot;5.56&quot;,&quot;iso&quot;:&quot;100&quot;,&quot;shutter_speed&quot;:&quot;0.008333&quot;,&quot;title&quot;:&quot;oznorCO_soft&quot;,&quot;orientation&quot;:&quot;1&quot;}\" data-image-title=\"oznorCO_soft\" data-image-description=\"\" data-image-caption=\"&lt;p&gt;oznorCO_soft&lt;\/p&gt;\n\" data-large-file=\"https:\/\/www.portraittheater.net\/wp-content\/uploads\/2024\/08\/IMG_20221009_110944-2-749x1024.jpg\" class=\"wp-image-3672 size-medium\" src=\"http:\/\/www.portraittheater.net\/wp-content\/uploads\/2024\/08\/IMG_20221009_110944-2-219x300.jpg\" alt=\"\" width=\"219\" height=\"300\" srcset=\"https:\/\/www.portraittheater.net\/wp-content\/uploads\/2024\/08\/IMG_20221009_110944-2-219x300.jpg 219w, https:\/\/www.portraittheater.net\/wp-content\/uploads\/2024\/08\/IMG_20221009_110944-2-749x1024.jpg 749w, https:\/\/www.portraittheater.net\/wp-content\/uploads\/2024\/08\/IMG_20221009_110944-2-768x1050.jpg 768w, https:\/\/www.portraittheater.net\/wp-content\/uploads\/2024\/08\/IMG_20221009_110944-2-1124x1536.jpg 1124w, https:\/\/www.portraittheater.net\/wp-content\/uploads\/2024\/08\/IMG_20221009_110944-2-800x1094.jpg 800w, https:\/\/www.portraittheater.net\/wp-content\/uploads\/2024\/08\/IMG_20221009_110944-2-132x180.jpg 132w, https:\/\/www.portraittheater.net\/wp-content\/uploads\/2024\/08\/IMG_20221009_110944-2.jpg 1166w\" sizes=\"auto, (max-width: 219px) 100vw, 219px\" \/><p id=\"caption-attachment-3672\" class=\"wp-caption-text\">(c) portraittheater<\/p><\/div>\n<p>Geboren in Wien, lebt in Wien<\/p>\n<p>Sprechausbildung bei bei Dr. Mara Janisch (Sprachatelier), Tatjana Lackner und Nikolaus Riemerschmidt (Schule des Sprechens, ORF), Christine Renhardt (Schauspielerin, Regisseurin)<\/p>\n<p>Seit 1996 bringt er als Vortragsk\u00fcnstler Literatur in B\u00fchnendeutsch und speziell in Wiener Mundart zu Geh\u00f6r, von klassischen Balladen bis hin zu Adventlesungen. Zahlreiche szenischen Lesungen mit Musik, u. a. mit Robert Kern (Schlagwerk), Cornelia Mayer (Zither), Roswitha Pritz (Klavier), Programme u.a.: &#8222;Der Reigen&#8220; von Arthur Schnitzler, &#8222;Die Legende vom heiligen Trinker&#8220; von Joseph Roth, \u201eLeutnant Gustl\u201c von Arthur Schnitzler, \u201eDie Schachnovelle\u201c von Stefan Zweig<\/p>\n<p>Seit 2020 im Vorstand des Vereins portraittheater (Kassier)<\/p>\n<p><a href=\"http:\/\/rudihausmann.blogspot.co.at\" target=\"_blank\" rel=\"noopener noreferrer\">rudihausmann.blogspot.co.at<\/a><\/p>\n<p>Rezitator bei portraittheater:<\/p>\n<ul>\n<li>Wie soll ich meine Seele halten \u2013 Hommage an eine gro\u00dfe Stimme<\/li>\n<\/ul>\n<p>Tourassistent bei verschiedenen Projekten<\/p>\n","protected":false},"excerpt":{"rendered":"<p>Geboren in Wien, lebt in Wien Sprechausbildung bei bei Dr. Mara Janisch (Sprachatelier), Tatjana Lackner und Nikolaus Riemerschmidt (Schule des Sprechens, ORF), Christine Renhardt (Schauspielerin, Regisseurin) Seit 1996 bringt er als Vortragsk\u00fcnstler Literatur in B\u00fchnendeutsch und speziell in Wiener Mundart zu Geh\u00f6r, von klassischen Balladen bis hin zu Adventlesungen. Zahlreiche szenischen Lesungen mit Musik, u.&hellip;<\/p>\n","protected":false},"author":1,"featured_media":0,"parent":155,"menu_order":1,"comment_status":"closed","ping_status":"closed","template":"","meta":{"footnotes":""},"tags":[76],"class_list":["post-1099","page","type-page","status-publish","hentry","tag-rudi-hausmann","empty-entry-meta"],"jetpack_sharing_enabled":true,"_links":{"self":[{"href":"https:\/\/www.portraittheater.net\/index.php?rest_route=\/wp\/v2\/pages\/1099","targetHints":{"allow":["GET"]}}],"collection":[{"href":"https:\/\/www.portraittheater.net\/index.php?rest_route=\/wp\/v2\/pages"}],"about":[{"href":"https:\/\/www.portraittheater.net\/index.php?rest_route=\/wp\/v2\/types\/page"}],"author":[{"embeddable":true,"href":"https:\/\/www.portraittheater.net\/index.php?rest_route=\/wp\/v2\/users\/1"}],"replies":[{"embeddable":true,"href":"https:\/\/www.portraittheater.net\/index.php?rest_route=%2Fwp%2Fv2%2Fcomments&post=1099"}],"version-history":[{"count":12,"href":"https:\/\/www.portraittheater.net\/index.php?rest_route=\/wp\/v2\/pages\/1099\/revisions"}],"predecessor-version":[{"id":3675,"href":"https:\/\/www.portraittheater.net\/index.php?rest_route=\/wp\/v2\/pages\/1099\/revisions\/3675"}],"up":[{"embeddable":true,"href":"https:\/\/www.portraittheater.net\/index.php?rest_route=\/wp\/v2\/pages\/155"}],"wp:attachment":[{"href":"https:\/\/www.portraittheater.net\/index.php?rest_route=%2Fwp%2Fv2%2Fmedia&parent=1099"}],"wp:term":[{"taxonomy":"post_tag","embeddable":true,"href":"https:\/\/www.portraittheater.net\/index.php?rest_route=%2Fwp%2Fv2%2Ftags&post=1099"}],"curies":[{"name":"wp","href":"https:\/\/api.w.org\/{rel}","templated":true}]}}