{"id":137,"date":"2016-05-13T09:01:35","date_gmt":"2016-05-13T07:01:35","guid":{"rendered":"http:\/\/www.portraittheater.net\/p\/?page_id=137"},"modified":"2026-01-22T10:27:11","modified_gmt":"2026-01-22T09:27:11","slug":"wir-ueber-uns","status":"publish","type":"page","link":"https:\/\/www.portraittheater.net\/?page_id=137","title":{"rendered":"wir \u00fcber uns"},"content":{"rendered":"<p><span style=\"color: #000000;\"><span class=\"x193iq5w xeuugli x13faqbe x1vvkbs x1xmvt09 x1lliihq x1s928wv xhkezso x1gmr53x x1cpjm7i x1fgarty x1943h6x xudqn12 x3x7a5m x6prxxf xvq8zen xo1l8bm xzsf02u\" dir=\"auto\">portraittheater bringt Leben und Werk von Frauen auf die B\u00fchne.<\/span><\/span><\/p>\n<p><span style=\"color: #000000;\">portraittheater hat sich zum Ziel gesetzt, Personen, die durch ihr politisches, philosophisches, wissenschaftliches oder k\u00fcnstlerisches Wirken oder andere besondere Leistungen eine herausragende Rolle in der Gesellschaft erreicht haben, einem breiteren Publikum durch k\u00fcnstlerische Darstellung vorzustellen.<\/span><br \/>\n<span style=\"color: #000000;\">Einen Schwerpunkt bildet die Portr\u00e4tierung von herausragenden Frauen, um deren Wirkung oder Bedeutung in der \u00d6ffentlichkeit besser sichtbar zu machen.<\/span><\/p>\n<p><span style=\"color: #000000;\">Der Verein strebt dabei die einfach verst\u00e4ndliche Vermittlung von Wissen mittels kreativer Ausdrucksformen, insbesondere des Schauspiels, des Films und anderen Formen der darstellenden Kunst, an.<\/span><\/p>\n<p><span style=\"color: #000000;\">Der Verein portraittheater wurde am 4. September 2006 gegr\u00fcndet. Die Gr\u00fcnderinnen des Vereins portraittheater sind Anita Zieher, Brigitte Pointner und Margarethe Herbert. Das erste Projekt, das der Verein realisiert hat, war &#8222;Hannah.Verstehen. Ein Dialog mit Hannah Arendt&#8220; (Herbst 2006). Von 13. Februar 2020 bis 19. J\u00e4nner 2026 geh\u00f6rten dem Vereinsvorstand Anita Zieher, Sandra Sch\u00fcddekopf und Rudi Hausmann an. Seit 19. J\u00e4nner 2026 sind Anita Zieher, Barbara Willensdorfer und Rudi Hausmann im Vereinsvorstand.<br \/>\n<\/span><\/p>\n<p><span style=\"color: #000000;\">Der Verein portraittheater hat seinen Sitz in Wien. Seit der Gr\u00fcndung wurden 16 Theaterproduktionen auf die B\u00fchne gebracht und in \u00d6sterreich sowie in Australien, Belgien, D\u00e4nemark, Deutschland, Frankreich, Gro\u00dfbritannien, Iran, Italien, Niederlande, Polen, Rum\u00e4nien, Schweden, Schweiz, Spanien, Tunesien, Ukraine, Ungarn und in den USA gespielt.<\/span><\/p>\n<p><strong><span style=\"color: #000000;\">Produktionen (Premierenjahr)<\/span><\/strong><\/p>\n<ul>\n<li><span style=\"color: #000000;\">Maria Emhart &#8211; R\u00e4delsf\u00fchrerin im Kampf f\u00fcr die Demokratie (2024)<\/span><\/li>\n<li><span style=\"color: #000000;\">Core Issues &#8211; Lise Meitner, Max von Laue and Otto Hahn (2023) (English) <\/span><\/li>\n<li><span style=\"color: #000000;\">Margarethe Ottillinger: Lassen Sie mich arbeiten! (2022)<\/span><\/li>\n<li><span style=\"color: #000000;\">Diving into Math with Emmy Noether (2022) (English)<br \/>\n<\/span><\/li>\n<li><span style=\"color: #000000;\">Sternenfrauen (2020)<\/span><\/li>\n<li><span style=\"color: #000000;\">Mathematische Spazierg\u00e4nge mit Emmy Noether (2019)<\/span><\/li>\n<li><span style=\"color: #000000;\">Women at Work \u2013 Kaethe Leichter and Marie Jahoda (2019) (English)<br \/>\n<\/span><\/li>\n<li><span style=\"color: #000000;\">Kernfragen \u2013 Gedenken an Lise Meitner (2018)<\/span><\/li>\n<li><span style=\"color: #000000;\">Arbeit, lebensnah \u2013 K\u00e4the Leichter und Marie Jahoda (2018)<\/span><\/li>\n<li><span style=\"color: #000000;\">Geheimsache Rosa Luxemburg (2016)<\/span><\/li>\n<li><span style=\"color: #000000;\">Curie_Meitner_Lamarr_INDIVISIBLE (2015) (English)<br \/>\n<\/span><\/li>\n<li><span style=\"color: #000000;\">Curie_Meitner_Lamarr_UNTEILBAR (2014)<\/span><\/li>\n<li><span style=\"color: #000000;\">George Sand trifft Fr\u00e9d\u00e9ric Chopin (2011)<\/span><\/li>\n<li><span style=\"color: #000000;\">Zu Gast bei Bertha von Suttner (2010)<\/span><\/li>\n<li><span style=\"color: #000000;\">PEACE PLEASE! Ein Bertha von Suttner Journal (2009)<\/span><\/li>\n<li><span style=\"color: #000000;\">sich entwerfen k\u00f6nnen \u2013 Ein Simone de Beauvoir Update (2008)<\/span><\/li>\n<li><span style=\"color: #000000;\">Hannah. Verstehen. Ein Dialog mit Hannah Arendt (2006)<\/span><\/li>\n<\/ul>\n<p><span style=\"color: #000000;\">Weitere Projekte<\/span><\/p>\n<ul>\n<li><span style=\"color: #000000;\"><span style=\"color: #000000;\">Peace acts (2008 &#8211; 2010),<\/span>Grundtvig-Lernpartnerschaft im Rahmen des EU-Programms f\u00fcr lebenslanges Lernen<\/span><\/li>\n<li><span style=\"color: #000000;\">Wie soll ich meine Seele halten \u2013 Hommage an eine gro\u00dfe Stimme &#8211; Zum 90. Geburtstag von Oskar Werner (2012)<br \/>\n<\/span><\/li>\n<li><span style=\"color: #000000;\">Endlich da! Eine 7-Leben-Performance &#8211; 7 Monologe von Wissenschaftlerinnen anl\u00e4sslich der Aufstellung von Kunstwerken im Arkadenhof der Universit\u00e4t Wien<br \/>\n<\/span><\/li>\n<li><span style=\"color: #000000;\">Es geht was weiter! Wie geht\u2019s weiter? Studienpr\u00e4sentation mit Auftritten als K\u00e4the Leichter, Lise Meitner und Gabriele Possaner (2018)<\/span><\/li>\n<li><span style=\"color: #000000;\">Achtung, wir stellen gleich um! (2021) Eine rhythmische Ann\u00e4herung an die Mythen der Gleichstellung an der Universit\u00e4t Wien<\/span><\/li>\n<li><span style=\"color: #000000;\">Dialog zwischen Anna und Hermann von Helmholtz anl\u00e4sslich der Veranstaltung zum 200. Geburtstag von Hermann von Helmholtz (2021)<\/span><\/li>\n<li><span style=\"color: #000000;\">u.v.a.<\/span><\/li>\n<\/ul>\n<hr \/>\n<p><span style=\"color: #000000;\">Profile<\/span><\/p>\n<p><a href=\"?page_id=147\">Anita Zieher<\/a><br \/>\n<a href=\"?page_id=1110\">Sandra Sch\u00fcddekopf<\/a><br \/>\n<a href=\"?page_id=149\">Brigitte Pointner<\/a><br \/>\n<a href=\"?page_id=1099\">Rudi Hausmann<\/a><br \/>\n<a href=\"?page_id=1090\">Margarethe Herbert<\/a><br \/>\n<a href=\"?page_id=1095\">Udo Bachmair<\/a><br \/>\n<a href=\"?page_id=1369\">Katrin Grumeth<\/a><br \/>\n<a href=\"?page_id=1103\">Werner Lemberg<\/a><br \/>\n<a href=\"?page_id=1106\">Ingrid Oberkanins<\/a><br \/>\n<a href=\"?page_id=1544\">Brigitta Waschnig<\/a><a href=\"?page_id=1544\"><br \/>\n<\/a><a href=\"https:\/\/www.portraittheater.net\/?page_id=3413\">Margit Mezgolich<\/a><a href=\"?page_id=1544\"><br \/>\n<\/a><\/p>\n","protected":false},"excerpt":{"rendered":"<p>portraittheater bringt Leben und Werk von Frauen auf die B\u00fchne. portraittheater hat sich zum Ziel gesetzt, Personen, die durch ihr politisches, philosophisches, wissenschaftliches oder k\u00fcnstlerisches Wirken oder andere besondere Leistungen eine herausragende Rolle in der Gesellschaft erreicht haben, einem breiteren Publikum durch k\u00fcnstlerische Darstellung vorzustellen. Einen Schwerpunkt bildet die Portr\u00e4tierung von herausragenden Frauen, um deren&hellip;<\/p>\n","protected":false},"author":1,"featured_media":0,"parent":0,"menu_order":0,"comment_status":"closed","ping_status":"closed","template":"","meta":{"footnotes":""},"tags":[],"class_list":["post-137","page","type-page","status-publish","hentry","empty-entry-meta"],"jetpack_sharing_enabled":true,"_links":{"self":[{"href":"https:\/\/www.portraittheater.net\/index.php?rest_route=\/wp\/v2\/pages\/137","targetHints":{"allow":["GET"]}}],"collection":[{"href":"https:\/\/www.portraittheater.net\/index.php?rest_route=\/wp\/v2\/pages"}],"about":[{"href":"https:\/\/www.portraittheater.net\/index.php?rest_route=\/wp\/v2\/types\/page"}],"author":[{"embeddable":true,"href":"https:\/\/www.portraittheater.net\/index.php?rest_route=\/wp\/v2\/users\/1"}],"replies":[{"embeddable":true,"href":"https:\/\/www.portraittheater.net\/index.php?rest_route=%2Fwp%2Fv2%2Fcomments&post=137"}],"version-history":[{"count":27,"href":"https:\/\/www.portraittheater.net\/index.php?rest_route=\/wp\/v2\/pages\/137\/revisions"}],"predecessor-version":[{"id":3977,"href":"https:\/\/www.portraittheater.net\/index.php?rest_route=\/wp\/v2\/pages\/137\/revisions\/3977"}],"wp:attachment":[{"href":"https:\/\/www.portraittheater.net\/index.php?rest_route=%2Fwp%2Fv2%2Fmedia&parent=137"}],"wp:term":[{"taxonomy":"post_tag","embeddable":true,"href":"https:\/\/www.portraittheater.net\/index.php?rest_route=%2Fwp%2Fv2%2Ftags&post=137"}],"curies":[{"name":"wp","href":"https:\/\/api.w.org\/{rel}","templated":true}]}}