{"id":1544,"date":"2018-05-03T11:40:32","date_gmt":"2018-05-03T09:40:32","guid":{"rendered":"http:\/\/www.portraittheater.net\/?page_id=1544"},"modified":"2024-08-17T15:45:38","modified_gmt":"2024-08-17T13:45:38","slug":"katrin-grumeth-2","status":"publish","type":"page","link":"https:\/\/www.portraittheater.net\/?page_id=1544","title":{"rendered":"Brigitta Waschnig"},"content":{"rendered":"<div id=\"attachment_1545\" style=\"width: 300px\" class=\"wp-caption alignnone\"><img loading=\"lazy\" decoding=\"async\" aria-describedby=\"caption-attachment-1545\" data-attachment-id=\"1545\" data-permalink=\"https:\/\/www.portraittheater.net\/?attachment_id=1545\" data-orig-file=\"https:\/\/www.portraittheater.net\/wp-content\/uploads\/2018\/05\/BrigittaWaschnig1.jpg\" data-orig-size=\"851,567\" data-comments-opened=\"0\" data-image-meta=\"{&quot;aperture&quot;:&quot;0&quot;,&quot;credit&quot;:&quot;&quot;,&quot;camera&quot;:&quot;&quot;,&quot;caption&quot;:&quot;&quot;,&quot;created_timestamp&quot;:&quot;0&quot;,&quot;copyright&quot;:&quot;&quot;,&quot;focal_length&quot;:&quot;0&quot;,&quot;iso&quot;:&quot;0&quot;,&quot;shutter_speed&quot;:&quot;0&quot;,&quot;title&quot;:&quot;&quot;,&quot;orientation&quot;:&quot;0&quot;}\" data-image-title=\"BrigittaWaschnig1\" data-image-description=\"\" data-image-caption=\"\" data-large-file=\"https:\/\/www.portraittheater.net\/wp-content\/uploads\/2018\/05\/BrigittaWaschnig1.jpg\" class=\"wp-image-1545 size-medium\" src=\"http:\/\/www.portraittheater.net\/wp-content\/uploads\/2018\/05\/BrigittaWaschnig1-300x200.jpg\" alt=\"\" width=\"300\" height=\"200\" srcset=\"https:\/\/www.portraittheater.net\/wp-content\/uploads\/2018\/05\/BrigittaWaschnig1-300x200.jpg 300w, https:\/\/www.portraittheater.net\/wp-content\/uploads\/2018\/05\/BrigittaWaschnig1-768x512.jpg 768w, https:\/\/www.portraittheater.net\/wp-content\/uploads\/2018\/05\/BrigittaWaschnig1-800x533.jpg 800w, https:\/\/www.portraittheater.net\/wp-content\/uploads\/2018\/05\/BrigittaWaschnig1-270x180.jpg 270w, https:\/\/www.portraittheater.net\/wp-content\/uploads\/2018\/05\/BrigittaWaschnig1.jpg 851w\" sizes=\"auto, (max-width: 300px) 100vw, 300px\" \/><p id=\"caption-attachment-1545\" class=\"wp-caption-text\">Brigitta Waschnig, Schauspielerin (Foto: (c) Reinhard Winkler)<\/p><\/div>\n<p><span style=\"color: #000000;\">geboren in Villach, lebt in Ober\u00f6sterreich<\/span><\/p>\n<p><span style=\"color: #000000;\">Studium am Lee Strasberg Theatre Institute New York und an der Schauspielschule Krauss Wien<\/span><\/p>\n<p><span style=\"color: #000000;\">Seit 1993 freie Schauspielerin mit Engagements u. a. am Landestheater Linz, Theater Ph\u00f6nix Linz, Theater \u00dcberzwerg Saarbr\u00fccken, Theater Drachengasse Wien, Theater der Jugend Wien,Theater f\u00fcr Vorarlberg, beim Steirischen Herbst, 2011 bis 2023 im k\u00fcnstlerischen Leitungsteam des Theaters in der Kulturfabrik Helfenberg, diverse Regiearbeiten, 2011 Auszeichnung mit dem Interkulturpreis f\u00fcr die Produktion &#8222;Linz. Heimat\u201c (Theater Ph\u00f6nix), regelm\u00e4\u00dfige Auftritte als Improtheaterspielerin und CliniClownin.<\/span><\/p>\n<p><span style=\"color: #000000;\">Schauspielerin bei portraittheater:<\/span><\/p>\n<ul>\n<li><span style=\"color: #000000;\">Arbeit, lebensnah &#8211; K\u00e4the Leichter und Marie Jahoda<\/span><\/li>\n<li><span style=\"color: #000000;\">Women at Work &#8211; Kaether Leichter and Marie Jahoda (English)<\/span><\/li>\n<\/ul>\n","protected":false},"excerpt":{"rendered":"<p>geboren in Villach, lebt in Ober\u00f6sterreich Studium am Lee Strasberg Theatre Institute New York und an der Schauspielschule Krauss Wien Seit 1993 freie Schauspielerin mit Engagements u. a. am Landestheater Linz, Theater Ph\u00f6nix Linz, Theater \u00dcberzwerg Saarbr\u00fccken, Theater Drachengasse Wien, Theater der Jugend Wien,Theater f\u00fcr Vorarlberg, beim Steirischen Herbst, 2011 bis 2023 im k\u00fcnstlerischen Leitungsteam&hellip;<\/p>\n","protected":false},"author":3,"featured_media":0,"parent":155,"menu_order":1,"comment_status":"closed","ping_status":"closed","template":"","meta":{"footnotes":""},"tags":[],"class_list":["post-1544","page","type-page","status-publish","hentry","empty-entry-meta"],"jetpack_sharing_enabled":true,"_links":{"self":[{"href":"https:\/\/www.portraittheater.net\/index.php?rest_route=\/wp\/v2\/pages\/1544","targetHints":{"allow":["GET"]}}],"collection":[{"href":"https:\/\/www.portraittheater.net\/index.php?rest_route=\/wp\/v2\/pages"}],"about":[{"href":"https:\/\/www.portraittheater.net\/index.php?rest_route=\/wp\/v2\/types\/page"}],"author":[{"embeddable":true,"href":"https:\/\/www.portraittheater.net\/index.php?rest_route=\/wp\/v2\/users\/3"}],"replies":[{"embeddable":true,"href":"https:\/\/www.portraittheater.net\/index.php?rest_route=%2Fwp%2Fv2%2Fcomments&post=1544"}],"version-history":[{"count":7,"href":"https:\/\/www.portraittheater.net\/index.php?rest_route=\/wp\/v2\/pages\/1544\/revisions"}],"predecessor-version":[{"id":3667,"href":"https:\/\/www.portraittheater.net\/index.php?rest_route=\/wp\/v2\/pages\/1544\/revisions\/3667"}],"up":[{"embeddable":true,"href":"https:\/\/www.portraittheater.net\/index.php?rest_route=\/wp\/v2\/pages\/155"}],"wp:attachment":[{"href":"https:\/\/www.portraittheater.net\/index.php?rest_route=%2Fwp%2Fv2%2Fmedia&parent=1544"}],"wp:term":[{"taxonomy":"post_tag","embeddable":true,"href":"https:\/\/www.portraittheater.net\/index.php?rest_route=%2Fwp%2Fv2%2Ftags&post=1544"}],"curies":[{"name":"wp","href":"https:\/\/api.w.org\/{rel}","templated":true}]}}