{"id":1983,"date":"2019-05-01T16:10:34","date_gmt":"2019-05-01T14:10:34","guid":{"rendered":"http:\/\/www.portraittheater.net\/?page_id=1983"},"modified":"2024-01-09T12:21:19","modified_gmt":"2024-01-09T11:21:19","slug":"lise-meitner-2","status":"publish","type":"page","link":"https:\/\/www.portraittheater.net\/?page_id=1983","title":{"rendered":"Emmy Noether"},"content":{"rendered":"<p><img loading=\"lazy\" decoding=\"async\" data-attachment-id=\"1984\" data-permalink=\"https:\/\/www.portraittheater.net\/?attachment_id=1984\" data-orig-file=\"https:&#x2f;&#x2f;&#119;w&#x77;&#x2e;&#112;&#111;r&#x74;&#x72;&#97;&#105;t&#x74;&#x68;&#101;at&#x65;&#x72;&#46;n&#x65;&#x74;&#47;&#119;p&#x2d;&#x63;&#111;&#110;t&#x65;&#x6e;&#116;\/u&#x70;&#x6c;&#111;a&#x64;&#x73;&#47;&#50;0&#x31;&#x39;&#47;&#48;5&#x2f;&#x65;&#109;my&#x2d;&#x6e;&#111;e&#x74;&#x68;&#x65;&#114;-&#x31;&#x34;&#64;&#56;0&#x30;&#x2d;&#101;&#49;5&#x35;&#x36;&#55;1&#x32;&#x38;&#x39;&#54;8&#x31;&#x37;&#46;&#106;p&#x67;\" data-orig-size=\"779,1033\" data-comments-opened=\"0\" data-image-meta=\"{&quot;aperture&quot;:&quot;0&quot;,&quot;credit&quot;:&quot;&quot;,&quot;camera&quot;:&quot;&quot;,&quot;caption&quot;:&quot;&quot;,&quot;created_timestamp&quot;:&quot;0&quot;,&quot;copyright&quot;:&quot;&quot;,&quot;focal_length&quot;:&quot;0&quot;,&quot;iso&quot;:&quot;0&quot;,&quot;shutter_speed&quot;:&quot;0&quot;,&quot;title&quot;:&quot;&quot;,&quot;orientation&quot;:&quot;0&quot;}\" data-image-title=\"emmy-noether-14@800\" data-image-description=\"\" data-image-caption=\"\" data-medium-file=\"https:&#x2f;&#47;&#x77;&#x77;&#119;&#x2e;&#x70;&#111;&#x72;&#x74;&#114;&#x61;&#x69;t&#x74;&#x68;e&#x61;&#116;e&#x72;&#46;n&#x65;&#116;\/&#x77;&#112;-&#x63;&#111;n&#x74;&#101;n&#x74;&#47;u&#x70;&#108;o&#x61;&#100;s&#x2f;&#50;0&#x31;&#57;&#x2f;&#x30;&#53;&#x2f;&#x65;&#109;&#x6d;&#x79;&#45;&#x6e;&#x6f;&#101;&#x74;&#x68;e&#x72;&#x2d;1&#x34;&#64;8&#x30;&#48;-&#x65;&#49;5&#x35;&#54;7&#x31;&#50;8&#x39;&#54;8&#x31;&#55;-&#x32;&#50;6&#x78;&#51;0&#x30;&#46;j&#x70;&#103;\" data-large-file=\"https:&#47;&#x2f;&#119;&#x77;&#119;&#x2e;&#112;&#x6f;r&#x74;r&#x61;i&#x74;t&#104;&#x65;&#97;&#x74;&#101;&#x72;&#46;&#x6e;&#101;&#x74;\/&#x77;p&#x2d;c&#x6f;n&#116;&#x65;&#110;&#x74;&#47;&#x75;&#112;&#x6c;&#111;&#x61;d&#x73;\/&#x32;0&#x31;9&#47;&#x30;&#53;&#x2f;&#101;&#x6d;&#109;&#x79;&#45;&#x6e;o&#x65;t&#x68;e&#114;-&#49;&#x34;&#64;&#x38;&#48;&#x30;&#45;&#x65;&#49;&#x35;5&#x36;7&#x31;2&#56;9&#54;&#x38;&#49;&#x37;&#45;&#x37;&#55;&#x32;x&#x31;0&#x32;4&#x2e;j&#112;&#x67;\" class=\"alignnone wp-image-1984 size-medium\" src=\"http:&#47;&#x2f;&#x77;w&#119;&#x2e;&#x70;o&#114;&#x74;r&#97;&#x69;&#x74;t&#104;&#x65;a&#116;&#x65;&#x72;&#46;&#110;&#x65;&#x74;&#47;&#x77;&#x70;-&#99;&#x6f;&#x6e;t&#101;&#x6e;t&#47;&#x75;&#x70;l&#111;&#x61;d&#115;&#x2f;&#x32;0&#49;&#x39;&#x2f;&#48;&#x35;&#x2f;e&#109;&#x6d;&#x79;-&#110;&#x6f;e&#116;&#x68;&#x65;r&#45;&#x31;4&#64;&#x38;&#x30;0&#45;&#x65;&#x31;&#53;&#x35;&#x36;7&#49;&#x32;&#x38;9&#54;&#x38;1&#55;&#x2d;&#x32;2&#54;&#x78;3&#48;&#x30;&#x2e;j&#112;&#x67;\" alt=\"\" width=\"226\" height=\"300\" srcset=\"https:&#x2f;&#x2f;&#x77;&#x77;&#119;&#46;&#112;&#111;rtr&#x61;&#x69;&#x74;&#x74;&#x68;&#101;&#97;&#116;er&#46;&#x6e;&#x65;&#x74;&#x2f;&#x77;&#112;&#45;&#99;ont&#x65;&#x6e;&#x74;&#x2f;&#x75;&#112;&#108;&#111;ads&#x2f;&#x32;&#x30;&#x31;&#x39;&#47;&#48;&#53;\/em&#x6d;&#x79;&#x2d;&#x6e;&#x6f;&#101;&#116;&#104;er-&#x31;&#x34;&#x40;&#x38;&#x30;&#48;&#45;&#101;&#49;55&#x36;&#x37;&#x31;&#x32;&#x38;&#57;&#54;&#56;&#49;7-&#x32;&#x32;&#x36;&#x78;&#x33;&#48;&#48;&#46;&#106;pg 226w, https:&#47;&#x2f;&#x77;w&#119;&#x2e;p&#111;&#x72;&#x74;r&#97;&#x69;t&#116;&#x68;&#x65;a&#116;&#x65;r&#46;&#x6e;&#x65;&#116;&#47;&#x77;p&#45;&#x63;&#x6f;&#110;&#x74;&#x65;n&#116;&#x2f;u&#112;&#x6c;&#x6f;a&#100;&#x73;\/&#50;&#x30;&#x31;9&#47;&#x30;5&#47;&#x65;&#x6d;m&#121;&#x2d;n&#111;&#x65;&#x74;&#104;&#x65;&#x72;-&#49;&#x34;&#64;&#56;&#x30;&#x30;-&#101;&#x31;5&#53;&#x36;&#x37;1&#50;&#x38;9&#54;&#x38;&#x31;7&#45;&#x37;6&#56;&#x78;&#x31;&#48;&#49;&#x38;&#46;&#106;&#x70;&#x67; 768w, https:&#47;&#x2f;w&#119;&#x77;&#46;&#x70;&#x6f;&#114;&#x74;r&#97;&#x69;t&#116;&#x68;&#101;&#x61;t&#101;&#x72;&#46;&#110;&#x65;&#116;&#x2f;&#x77;&#112;&#x2d;c&#111;&#x6e;t&#x65;&#x6e;&#116;&#x2f;u&#112;&#x6c;o&#97;&#x64;&#115;&#x2f;2&#48;&#x31;9&#47;&#x30;5&#x2f;&#x65;&#109;&#x6d;y&#45;&#x6e;o&#x65;&#x74;&#104;&#x65;r&#45;&#x31;4&#64;&#x38;&#48;&#x30;-&#101;&#x31;5&#53;&#x36;7&#x31;&#x32;&#56;&#x39;6&#56;&#x31;7&#x2d;&#x37;&#55;&#x32;x&#49;&#x30;2&#52;&#x2e;&#106;&#x70;&#x67; 772w, https:\/&#47;&#x77;&#x77;w&#46;&#112;&#x6f;&#x72;t&#114;&#97;&#x69;&#x74;t&#104;&#x65;&#x61;&#x74;e&#114;&#x2e;&#x6e;e&#116;&#47;&#x77;&#x70;-&#99;&#111;&#x6e;&#x74;e&#110;&#x74;&#x2f;&#x75;p&#108;&#x6f;&#x61;ds&#47;&#x32;&#x30;1&#57;&#47;&#x30;&#x35;\/&#101;&#109;&#x6d;&#x79;-&#110;&#x6f;&#x65;th&#101;&#x72;&#x2d;1&#52;&#64;&#x38;&#x30;0&#45;&#101;&#x31;&#x35;5&#54;&#x37;&#x31;28&#57;&#x36;&#x38;1&#55;&#45;&#x31;&#x33;6&#120;&#49;&#x38;&#x30;&#46;&#106;&#x70;&#x67; 136w, https:\/\/www&#46;portra&#105;&#116;&#116;&#104;&#101;&#97;&#116;&#101;&#114;&#46;&#110;&#101;&#116;&#47;&#119;&#x70;&#x2d;&#x63;&#x6f;&#x6e;&#x74;&#x65;&#x6e;&#x74;&#x2f;&#x75;&#x70;&#x6c;&#x6f;&#x61;&#x64;&#x73;&#x2f;&#x32;&#x30;&#x31;&#x39;&#x2f;05\/emmy-noet&#104;&#101;&#114;&#45;&#49;&#52;&#64;&#56;&#48;&#48;&#45;&#101;&#49;&#53;&#53;&#x36;&#x37;&#x31;&#x32;&#x38;&#x39;&#x36;&#x38;&#x31;&#x37;&#x2e;&#x6a;&#x70;&#x67; 779w\" sizes=\"auto, (max-width: 226px) 100vw, 226px\" \/><br \/>\n<span style=\"font-size: small; color: #000000;\">(Quelle: Nieders\u00e4chsische Staats- und Universit\u00e4tsbibliothek G\u00f6ttingen, Sammlung Voit, Nr. 4)<\/span><\/p>\n<p><span style=\"color: #000000;\"><strong>Biographie Emmy Noether<\/strong><\/span><\/p>\n<p><span style=\"color: #000000;\"><strong>1882 <\/strong>wird Amalie Emmy Noether als erstes Kind j\u00fcdischer Eltern am 23. M\u00e4rz 1882 in Erlangen geboren. Der Vater, Prof. Dr. Max Noether, ist Professor f\u00fcr Mathematik an der Universit\u00e4t; die Mutter ist Ida Noether, geb. Kaufmann. Emmy Noether hat drei j\u00fcngere Br\u00fcder.<\/span><\/p>\n<p><span style=\"color: #000000;\"><strong>1889-1897<\/strong> besucht sie die St\u00e4dtische H\u00f6here T\u00f6chter-Schule in Erlangen.<\/span><\/p>\n<p><span style=\"color: #000000;\"><strong>1900<\/strong> legt sie nach privater Vorbereitung die Staatspr\u00fcfung f\u00fcr Lehrerinnen der franz\u00f6sischen und englischen Sprache ab. Allerdings gibt es f\u00fcr j\u00fcdische Lehrerinnen kaum Anstellungsm\u00f6glichkeiten an christlichen Schulen.<\/span><\/p>\n<p><span style=\"color: #000000;\"><strong>1900-1903<\/strong> besucht sie (als eine von zwei Gasth\u00f6rerinnen) Vorlesungen f\u00fcr Mathematik, Romanistik und Geschichte in Erlangen und bereitet sich so auf das Abitur vor.<\/span><\/p>\n<p><span style=\"color: #000000;\"><strong>1903<\/strong> legt sie als Privatstudierende das Abitur am K\u00f6niglichen Realgymnasium in N\u00fcrnberg ab.<\/span><\/p>\n<p><span style=\"color: #000000;\"><strong>1903\/04<\/strong> im Wintersemester studiert Emmy Noether als Gasth\u00f6rerin in G\u00f6ttingen. Ihre akademischen Lehrer sind: Felix Klein, David Hilbert, Herbert Minkowski, Otto Blumenthal, Karl Schwarzschild u.a. Sie wird krank und kehrt vor\u00fcbergehend nach Erlangen zur\u00fcck.<\/span><\/p>\n<p><span style=\"color: #000000;\"><strong>1904\/05<\/strong> immatrikuliert sie sich an der Universit\u00e4t in Erlangen und studiert Mathematik.<\/span><\/p>\n<p><span style=\"color: #000000;\"><strong>1907<\/strong> schlie\u00dft sie mit der Promotion zum Dr. phil. summa cum laude ab. Das Thema ihrer Dissertation aus der Invariantentheorie lautet: <em>\u00dcber die Bildung des Formensystems der tern\u00e4ren biquadratischen Form. <\/em>Sie benutzt die Methoden ihres Doktorvaters Paul Gordan; sp\u00e4ter nennt sie ihre Dissertation &#8222;Rechnerei&#8220;, &#8222;Formelgestr\u00fcpp&#8220;, sogar &#8222;Mist&#8220;.<\/span><\/p>\n<p><span style=\"color: #000000;\"><strong>1907-1915<\/strong> arbeitet sie privat wissenschaftlich (ohne Bezahlung), unterst\u00fctzt ihren kranken Vater und die beiden Nachfolger Gordans Erhard Schmidt und Ernst Fischer bei deren Lehrt\u00e4tigkeit, allerdings ohne Anstellung oder Vertrag. In dieser Zeit regt sie zwei Dissertationen an. In den Diskussionen mit E. Fischer erh\u00e4lt sie den entscheidenden Ansto\u00df zu ihrer Besch\u00e4ftigung mit abstrakter Algebra.<\/span><\/p>\n<p><span style=\"color: #000000;\"><strong>1908\/09 <\/strong>Wahl zum Mitglied des Circolo Matematico di Palermo, Aufnahme in die Deutsche Mathematiker-Vereinigung (DMV). Auf der Jahresversammlung der DMV 1909 in Salzburg h\u00e4lt sie als erste Frau einen Vortrag und f\u00e4hrt von da an oft zu Tagungen.<\/span><\/p>\n<p><span style=\"color: #000000;\"><strong>1913\/14 <\/strong>h\u00e4lt sie in Vertretung ihres Vaters in Erlangen Vorlesungen und lehrt au\u00dferdem in Wien. Sie intensiviert ihre Kontakte zu Felix Klein und David Hilbert in G\u00f6ttingen. Diese beiden Mathematiker setzen sich zu dieser Zeit mit Einsteins Relativit\u00e4tstheorie auseinander.<\/span><\/p>\n<p><span style=\"color: #000000;\"><strong>1915 <\/strong>erh\u00e4lt sie von Felix Klein und David Hilbert eine Einladung, am Mathematischen Institut in G\u00f6ttingen zu arbeiten. Die Zusammenarbeit gestaltet sich so positiv, dass sie bleibt. Sie h\u00e4lt Vortr\u00e4ge \u00fcber algebraische Themen, abstrakte Mengentheorie und Differential- und Integralgleichungen. Auf Anregung von Klein und Hilbert stellt sie am 20. Juli 1915 einen Antrag auf Habilitation. Nach heftigen Kontroversen in der Fakult\u00e4t verbietet das Ministerium die Einleitung des Verfahrens. Dennoch h\u00e4lt sie im Herbst 1915 ihre erste Vorlesung. Die Ank\u00fcndigung lautet: <em>Invariantentheorie: Prof. Hilbert mit Unterst\u00fctzung von Frl. Dr. N\u00f6ther, Montag 4-6 gratis <\/em><\/span><\/p>\n<p><span style=\"color: #000000;\"><strong>1919 <\/strong>Nach dem Ende des Ersten Weltkriegs und ver\u00e4nderter politischer Rechte f\u00fcr Frauen erlaubt das Ministerium die Durchf\u00fchrung des Habilitationsverfahrens. Als Habilitationsschrift reicht sie die Arbeit <em>Invariante Variationsprobleme <\/em>ein. In dieser Arbeit befinden sich die nach ihr benannten S\u00e4tze, in denen ein Zusammenhang hergestellt wird zwischen Symmetrien und Erhaltungss\u00e4tzen (Invarianten). Diese Arbeit hat sie bei den Physikern bekannt gemacht.<\/span><\/p>\n<p><span style=\"color: #000000;\">Am <strong>4. Juni 1919<\/strong> h\u00e4lt sie den Vortrag <em>Fragen der Modultheorie <\/em>im Rahmen des Habilitationsverfahrens. Ihr wird die Lehrbefugnis (venia legendi) erteilt. Im Herbstsemester 1919 wird zum ersten Mal eine Vorlesung unter ihrem eigenen Namen angek\u00fcndigt.<\/span><\/p>\n<p><span style=\"color: #000000;\"><strong>1920 <\/strong>verfasst sie mit Werner Schmeidler die Arbeit <em>Moduln in nichtkommutativen Bereichen, insbesondere aus Differential- und Differenzenausdr\u00fccken <\/em>zur Entwicklung und Erprobung ihrer modultheoretischen Begriffe.<\/span><\/p>\n<p><span style=\"color: #000000;\"><strong>1921 <\/strong>Ihre Arbeit <em>Idealtheorie in Ringbereichen <\/em>erregt internationales Aufsehen.<\/span><\/p>\n<p><span style=\"color: #000000;\"><strong>1922 <\/strong>wird ihr der Titel <em>au\u00dferordentlicher Professor <\/em>verliehen &#8211; ein Titel ohne Mittel.<\/span><\/p>\n<p><span style=\"color: #000000;\"><strong>1923 <\/strong>erh\u00e4lt sie einen Lehrauftrag und daraus erstmals eine Verg\u00fctung. Bis zum Alter von 41 Jahren bezieht Emmy Noether keinerlei Eink\u00fcnfte f\u00fcr ihre wissenschaftliche T\u00e4tigkeit. Zun\u00e4chst war sie von Eltern und Verwandten unterst\u00fctzt worden. Obwohl sie sehr bescheiden lebt, ger\u00e4t sie nach dem Tod des Vaters (1921) aufgrund der Geldabwertung in eine bedr\u00fcckende wirtschaftliche Notlage.<\/span><\/p>\n<p><span style=\"color: #000000;\"><strong>1925<\/strong> vollendet sie die Arbeit <em>Abstrakter Aufbau der Idealtheorie in algebraischen Zahl- und Funktionenk\u00f6rpern. <\/em><\/span><\/p>\n<p><span style=\"color: #000000;\"><strong>1928\/29 <\/strong>Gastprofessur in Moskau. Weil sie sich nach ihrer R\u00fcckkehr positiv \u00fcber die dortige Lage \u00e4u\u00dfert und gute Kontakte zu russischen Mathematikern pflegt, wird ihr sp\u00e4ter von den Nationalsozialisten unterstellt, sie sei eine Kommunistin.<\/span><\/p>\n<p><span style=\"color: #000000;\"><strong>1929 <\/strong>Ver\u00f6ffentlichung der Arbeit <em>Hyperkomplexe Gr\u00f6\u00dfen und Darstellungstheorie. <\/em>Ihre Forschungst\u00e4tigkeit bewirkt, dass die Algebra die Analysis aus dem Zentrum des internationalen Forschungsinteresses verdr\u00e4ngt, ihr Ruf als einer der bedeutendsten Neugestalter der Mathematik in internationalem Ma\u00dfstab ist unbestritten. Viele ihrer Ideen werden von ihren Sch\u00fclern und j\u00fcngeren Kollegen aufgegriffen und weiterentwickelt (\u201eDie Noether-Schule\u201c). Zu nennen sind z.B. Bartel L. van der Waerden, Helmut Hasse, Richard Brauer, Max Deuring, Paul Alexandroff, Olga Taussky-Todd.<\/span><\/p>\n<p><span style=\"color: #000000;\"><strong>1930 <\/strong>Gastprofessur in Frankfurt\/Main als Vertretung f\u00fcr C.L. Siegel.<\/span><\/p>\n<p><span style=\"color: #000000;\"><strong>1932 <\/strong>erh\u00e4lt sie mit Emil Artin den Ackermann-Teubner-Ged\u00e4chtnis-Preis. Als erste Frau h\u00e4lt sie auf dem Internationalen Mathematiker-Kongress in Z\u00fcrich einen Hauptvortrag: <em>Hyperkomplexe Systeme in ihren Beziehungen zur kommutativen Algebra und zur Zahlentheorie. <\/em>Sie schreibt Arbeiten zur Eliminationstheorie, zur klassischen Idealtheorie im Sinne Dedekinds, zur Darstellungstheorie, der Modultheorie und der Klassenk\u00f6rpertheorie. Trotz internationaler Anerkennung erh\u00e4lt sie nie eine bezahlte Professur, w\u00e4hrend die meisten ihrer Sch\u00fcler bereits Ordinariate haben. Sie wird nicht zum Mitglied der G\u00f6ttinger Gesellschaft der Wissenschaften gew\u00e4hlt und obwohl sie intensiv bei den Mathematischen Annalen als Gutachterin mitarbeitet, wird sie kein offizielles Redaktionsmitglied.<\/span><\/p>\n<p><span style=\"color: #000000;\"><strong>1933 <\/strong>wird sie am 25. April 1933 aufgrund des Gesetzes zur Wiederherstellung des Berufsbeamtentums aus politischen und rassischen Gr\u00fcnden beurlaubt. Fachkollegen und Sch\u00fcler setzen sich f\u00fcr sie ein und schreiben Gutachten. Am 2. September 1933 wird ihr die Lehrbefugnis entzogen.<\/span><\/p>\n<p><span style=\"color: #000000;\"><strong>1933 <\/strong>erh\u00e4lt sie eine Einladung nach Oxford und das Angebot einer Gastprofessur am Frauen-College Bryn Mawr in Pennsylvania, USA. Sie entscheidet sich f\u00fcr Bryn Mawr.<\/span><\/p>\n<p><span style=\"color: #000000;\"><strong>1934<\/strong> Emmy Noether h\u00e4lt neben ihren Lehrveranstaltungen in Bryn Mawr w\u00f6chentlich Vorlesungen am Institute for Advanced Study in Princeton, an dem u.a. Albert Einstein und Hermann Weyl arbeiten. Princeton wird ein neues Zentrum der Mathematik. Im Sommer f\u00e4hrt sie nach Deutschland, h\u00e4lt Vortr\u00e4ge in Hamburg und l\u00f6st in G\u00f6ttingen ihren Haushalt auf. Eine ihrer Sch\u00fclerinnen, Olga Taussky, erh\u00e4lt ein Stipendium und kommt ebenfalls nach Bryn Mawr, wo sich rasch ein neuer Noether-Kreis (\u201ethe Noether girls\u201c) um sie schart.<\/span><\/p>\n<p><span style=\"color: #000000;\"><strong>1935 <\/strong>unterzieht sie sich in Bryn Mawr einer Operation (Myom-Entfernung). Ein paar Tage nach der OP kommt es unerwartet zu Komplikationen. Sie stirbt am <strong>14. April <\/strong>und wird unter dem Kreuzgang der M.\u00a0Carey Thomas Library auf dem Campus des Bryn Mawr College begraben.<\/span><\/p>\n<p><span style=\"color: #000000;\">Seit <strong>1997<\/strong> vergibt die Deutsche Forschungsgemeinschaft (DFG) F\u00f6rderungen f\u00fcr junge Wissenschaftlerinnen und Wissenschaftler im Rahmen des Emmy-Noether-Programms.<\/span><\/p>\n<p><span style=\"color: #000000;\"><strong>2006<\/strong> wurde ein Krater auf der R\u00fcckseite des Mondes nach ihr benannt (Noether-Krater).<\/span><\/p>\n<blockquote><p><span style=\"color: #000000;\"><em>Meine Methoden sind Arbeits- und Auffassungsmethoden und daher anonym \u00fcberall eingedrungen.<\/em><\/span><br \/>\n<cite><span style=\"color: #000000;\">Emmy Noether<\/span><br \/>\n<\/cite><\/p><\/blockquote>\n","protected":false},"excerpt":{"rendered":"<p>(Quelle: Nieders\u00e4chsische Staats- und Universit\u00e4tsbibliothek G\u00f6ttingen, Sammlung Voit, Nr. 4) Biographie Emmy Noether 1882 wird Amalie Emmy Noether als erstes Kind j\u00fcdischer Eltern am 23. M\u00e4rz 1882 in Erlangen geboren. Der Vater, Prof. Dr. Max Noether, ist Professor f\u00fcr Mathematik an der Universit\u00e4t; die Mutter ist Ida Noether, geb. Kaufmann. Emmy Noether hat drei j\u00fcngere&hellip;<\/p>\n","protected":false},"author":3,"featured_media":0,"parent":217,"menu_order":1,"comment_status":"closed","ping_status":"closed","template":"","meta":{"footnotes":""},"tags":[14],"class_list":["post-1983","page","type-page","status-publish","hentry","tag-lise-meitner","empty-entry-meta"],"jetpack_sharing_enabled":true,"_links":{"self":[{"href":"https:\/\/www.portraittheater.net\/index.php?rest_route=\/wp\/v2\/pages\/1983","targetHints":{"allow":["GET"]}}],"collection":[{"href":"https:\/\/www.portraittheater.net\/index.php?rest_route=\/wp\/v2\/pages"}],"about":[{"href":"https:\/\/www.portraittheater.net\/index.php?rest_route=\/wp\/v2\/types\/page"}],"author":[{"embeddable":true,"href":"https:\/\/www.portraittheater.net\/index.php?rest_route=\/wp\/v2\/users\/3"}],"replies":[{"embeddable":true,"href":"https:\/\/www.portraittheater.net\/index.php?rest_route=%2Fwp%2Fv2%2Fcomments&post=1983"}],"version-history":[{"count":6,"href":"https:\/\/www.portraittheater.net\/index.php?rest_route=\/wp\/v2\/pages\/1983\/revisions"}],"predecessor-version":[{"id":3305,"href":"https:\/\/www.portraittheater.net\/index.php?rest_route=\/wp\/v2\/pages\/1983\/revisions\/3305"}],"up":[{"embeddable":true,"href":"https:\/\/www.portraittheater.net\/index.php?rest_route=\/wp\/v2\/pages\/217"}],"wp:attachment":[{"href":"https:\/\/www.portraittheater.net\/index.php?rest_route=%2Fwp%2Fv2%2Fmedia&parent=1983"}],"wp:term":[{"taxonomy":"post_tag","embeddable":true,"href":"https:\/\/www.portraittheater.net\/index.php?rest_route=%2Fwp%2Fv2%2Ftags&post=1983"}],"curies":[{"name":"wp","href":"https:\/\/api.w.org\/{rel}","templated":true}]}}