{"id":2402,"date":"2020-10-05T09:28:31","date_gmt":"2020-10-05T07:28:31","guid":{"rendered":"http:\/\/www.portraittheater.net\/?page_id=2402"},"modified":"2024-01-08T13:57:39","modified_gmt":"2024-01-08T12:57:39","slug":"lise-meitner-2-2-2","status":"publish","type":"page","link":"https:\/\/www.portraittheater.net\/?page_id=2402","title":{"rendered":"Sally Ride"},"content":{"rendered":"<div id=\"attachment_2403\" style=\"width: 219px\" class=\"wp-caption alignnone\"><img loading=\"lazy\" decoding=\"async\" aria-describedby=\"caption-attachment-2403\" data-attachment-id=\"2403\" data-permalink=\"https:\/\/www.portraittheater.net\/?attachment_id=2403\" data-orig-file=\"https:\/\/www.portraittheater.net\/wp-content\/uploads\/2020\/10\/shutterstock_SallyRide-scaled-e1601882764231.jpg\" data-orig-size=\"1030,1414\" data-comments-opened=\"0\" data-image-meta=\"{&quot;aperture&quot;:&quot;0&quot;,&quot;credit&quot;:&quot;&quot;,&quot;camera&quot;:&quot;&quot;,&quot;caption&quot;:&quot;&quot;,&quot;created_timestamp&quot;:&quot;0&quot;,&quot;copyright&quot;:&quot;&quot;,&quot;focal_length&quot;:&quot;0&quot;,&quot;iso&quot;:&quot;0&quot;,&quot;shutter_speed&quot;:&quot;0&quot;,&quot;title&quot;:&quot;&quot;,&quot;orientation&quot;:&quot;0&quot;}\" data-image-title=\"shutterstock.com\" data-image-description=\"\" data-image-caption=\"\" data-large-file=\"https:\/\/www.portraittheater.net\/wp-content\/uploads\/2020\/10\/shutterstock_SallyRide-scaled-e1601882764231-746x1024.jpg\" class=\"wp-image-2403 size-medium\" src=\"http:\/\/www.portraittheater.net\/wp-content\/uploads\/2020\/10\/shutterstock_SallyRide-scaled-e1601882764231-219x300.jpg\" alt=\"\" width=\"219\" height=\"300\" srcset=\"https:\/\/www.portraittheater.net\/wp-content\/uploads\/2020\/10\/shutterstock_SallyRide-scaled-e1601882764231-219x300.jpg 219w, https:\/\/www.portraittheater.net\/wp-content\/uploads\/2020\/10\/shutterstock_SallyRide-scaled-e1601882764231-746x1024.jpg 746w, https:\/\/www.portraittheater.net\/wp-content\/uploads\/2020\/10\/shutterstock_SallyRide-scaled-e1601882764231-768x1054.jpg 768w, https:\/\/www.portraittheater.net\/wp-content\/uploads\/2020\/10\/shutterstock_SallyRide-scaled-e1601882764231-800x1098.jpg 800w, https:\/\/www.portraittheater.net\/wp-content\/uploads\/2020\/10\/shutterstock_SallyRide-scaled-e1601882764231-131x180.jpg 131w, https:\/\/www.portraittheater.net\/wp-content\/uploads\/2020\/10\/shutterstock_SallyRide-scaled-e1601882764231.jpg 1030w\" sizes=\"auto, (max-width: 219px) 100vw, 219px\" \/><p id=\"caption-attachment-2403\" class=\"wp-caption-text\"><span style=\"color: #000000;\">Sally Ride\/ Alan C. Heison\/ shutterstock<\/span><\/p><\/div>\n<p><span style=\"color: #000000;\"><strong>Biographie Sally Ride<br \/>\n<\/strong><\/span><\/p>\n<p><span style=\"color: #000000;\">Am <strong>26. Mai 1951<\/strong> wird Sally Kristen Ride in Encino, Kalifornien als Tochter des Politikwissenschaft-Professors Dale B. Ride und Joyce Ride, einer Beraterin eines Frauengef\u00e4ngnisses, geboren. Ihre Schwester hei\u00dft Bear Ride.<\/span><\/p>\n<p><span style=\"color: #000000;\"><strong>1968<\/strong> graduiert sie von der Westlake School f\u00fcr M\u00e4dchen, an der sie auch eine erfolgreiche Tennisspielerin ist und ein Tennis-Stipendium innehat. Sie war auf Platz 18 der Nationalen Liste der Jugendtennisspieler.<\/span><\/p>\n<p><span style=\"color: #000000;\"><strong>1968<\/strong> beginnt sie ihr Studium am Swarthmore College in Pennsylvania, wechselt dann aber an die Stanford University nach Palo Alto, weil sie Kalifornien vermisst.<\/span><\/p>\n<p><span style=\"color: #000000;\"><strong>1973<\/strong> schlie\u00dft sie an der Universit\u00e4t Stanford mit zwei Bachelor Diplomen in Englisch und Physik ab. Anschlie\u00dfend spezialisiert sie sich auf astrophysikalische Fragestellungen und Laseranwendungen.<\/span><\/p>\n<p><span style=\"color: #000000;\"><strong>1975<\/strong> macht sie ihren Master in Physik.<\/span><\/p>\n<p><span style=\"color: #000000;\"><strong>1977<\/strong> bewirbt sie sich als Astronautin bei der NASA.<\/span><\/p>\n<p><span style=\"color: #000000;\"><strong>1978<\/strong> Promotion in Astrophysik.<\/span><\/p>\n<p><span style=\"color: #000000;\"><strong>1978<\/strong> wird sie in die achte Astronautengruppe der NASA aufgenommen, die erstmals auch sechs Frauen ausw\u00e4hlt.<\/span><\/p>\n<p><span style=\"color: #000000;\"><strong>1981\/82<\/strong> Nach Abschluss ihres allgemeinen Astronautentrainings zur Missionsspezialistin arbeitet Ride als Capcom im Kontrollzentrum in Houston, wo sie die Shuttle-Missionen STS-2 und\u00a0 STS-3 betreut.<\/span><\/p>\n<p><span style=\"color: #000000;\"><strong>1982-87<\/strong> Ehe mit dem Astronauten Stewen Hawley .<\/span><\/p>\n<p><span style=\"color: #000000;\"><strong>1983<\/strong> mit ihrem ersten Raumflug mit der Mission STS-7 an Bord der Raumf\u00e4hre Challenger wird sie die erste US-Amerikanerin im Weltall. Bei ihrem Start am 18. Juni ist sie 32 Jahre alt und ist damit bis heute die j\u00fcngste US-Raumfahrerin. Dies war der zweite Flug der Challenger und der erste mit einer f\u00fcnfk\u00f6pfigen Crew.<\/span><\/p>\n<p><span style=\"color: #000000;\"><strong>1984<\/strong> absolviert sie ihren zweiten Raumflug im Rahmen der Mission STS-41-G, ebenfalls an Bord der Challenger. Insgesamt ist sie mehr als 343 Stunden im All. 1985 wird Ride f\u00fcr einen dritten Raumflug als Mitglied der Mission STS-61-M vorgesehen, der allerdings nach der Challenger-Katastrophe im Januar 1986 ersatzlos gestrichen wird.<\/span><\/p>\n<p><span style=\"color: #000000;\"><strong>1986<\/strong> wird sie zusammen mit Neil Armstrong von Pr\u00e4sident Reagan in die Untersuchungskommission des Challenger Ungl\u00fccks berufen. Nach ihrem Tod wird bekannt, dass sie die NASA-interne Informationsquelle bez\u00fcglich der schadhaften O-Ringe (Dichtungsringe) gewesen war, was letztendlich der Kommission einen erfolgreichen Abschluss der Untersuchung erm\u00f6glichte. Anschlie\u00dfend wird sie Assistentin des NASA Leiters f\u00fcr strategische Planung. Sie erarbeitet den Ride Report, der die Zukunft des Raumfahrtprogramms zum Thema hat.<\/span><\/p>\n<p><span style=\"color: #000000;\"><strong>1987<\/strong> verl\u00e4sst sie die NASA, um am Zentrum f\u00fcr Internationale Sicherheit und Waffenkontrolle der Stanford University in Palo Alto zu arbeiten.<\/span><\/p>\n<p><span style=\"color: #000000;\"><strong>1989<\/strong> wird sie Professorin f\u00fcr Physik an der University of California in San Diego. Zeitweise ist sie auch Leiterin des California Space Institute.<\/span><\/p>\n<p><span style=\"color: #000000;\"><strong>2001<\/strong> gr\u00fcndet sie zusammen mit Tam O&#8217;Shaughnessy ihr Unternehmen Sally Ride Science, das noch heute existiert und sich zum Ziel gemacht hat, Kinder und vor allem M\u00e4dchen f\u00fcr MINT-F\u00e4cher zu begeistern und so wissenschaftlichen Nachwuchs zu f\u00f6rdern.<\/span><\/p>\n<p><span style=\"color: #000000;\"><strong>2001-2012<\/strong> schreibt sie zusammen mit Tam O&#8217;Shaughnessy mehrere B\u00fccher zu Weltraumthemen f\u00fcr Kinder, darunter \u201cTo Space and Back\u201d und \u201cExploring our Solar System\u201d. In den USA ist sie aufgrund ihres Bekanntheitsgrades h\u00e4ufig Gastrednerin bei Veranstaltungen und tritt gelegentlich in Fernsehshows wie der Sesamstra\u00dfe auf.<\/span><\/p>\n<p><span style=\"color: #000000;\"><strong>2003<\/strong> wird sie in die Kommission zur Untersuchung des Absturzes der Raumf\u00e4hre Columbia berufen und ist damit die einzige Person, die in beiden Untersuchungskommissionen ist.<\/span><\/p>\n<p><span style=\"color: #000000;\"><strong>23. Juli 2012<\/strong> Sally Ride stirbt in ihrem Haus in La Jolla, Kalifornien an Bauchspeicheldr\u00fcsenkrebs. Nach ihrem Tod wird auch bekannt, dass sie und Tam O&#8217;Shaughnessy seit 1985 eine Beziehung f\u00fchrten. Sie hat eingewilligt, dass ihre Partnerin dies posthum \u00f6ffentlich machen darf.<\/span><\/p>\n<p><span style=\"color: #000000;\"><strong>2013<\/strong> wird ihr posthum von Pr\u00e4sident Obama die Presidential Medal of Freedom verliehen, die h\u00f6chste zivile Ehre der USA. Au\u00dferdem erhielt sie folgende Ehrungen und Preise: den \u201cNational Women\u2019s Hall of Fame\u201d, den \u201cCalifornia Hall of Fame\u201d, den \u201cAviation Hall of Fame\u201d, den \u201cAstronaut Hall of Fame\u201d, den \u201cJefferson Award\u201d f\u00fcr Public Service, den \u201cvon Braun Award\u201d, den \u201cLindbergh Eagle\u201d, und den \u201cNCAA\u2019s Theodore Roosevelt Award\u201d.<\/span><\/p>\n<p>&nbsp;<\/p>\n<blockquote><p><span style=\"color: #000000;\"><em>Der Blick auf die Erde ist absolut spektakul\u00e4r. Es ist eine komplett andere Perspektive und es l\u00e4sst dich wirklich erkennen, wie fragil unsere Existenz ist.<\/em><cite><br \/>\n<\/cite><\/span><\/p>\n<p><span style=\"color: #000000;\">Sally Ride<\/span><\/p><\/blockquote>\n","protected":false},"excerpt":{"rendered":"<p>Biographie Sally Ride Am 26. Mai 1951 wird Sally Kristen Ride in Encino, Kalifornien als Tochter des Politikwissenschaft-Professors Dale B. Ride und Joyce Ride, einer Beraterin eines Frauengef\u00e4ngnisses, geboren. Ihre Schwester hei\u00dft Bear Ride. 1968 graduiert sie von der Westlake School f\u00fcr M\u00e4dchen, an der sie auch eine erfolgreiche Tennisspielerin ist und ein Tennis-Stipendium innehat.&hellip;<\/p>\n","protected":false},"author":3,"featured_media":0,"parent":217,"menu_order":1,"comment_status":"closed","ping_status":"closed","template":"","meta":{"footnotes":""},"tags":[14],"class_list":["post-2402","page","type-page","status-publish","hentry","tag-lise-meitner","empty-entry-meta"],"jetpack_sharing_enabled":true,"_links":{"self":[{"href":"https:\/\/www.portraittheater.net\/index.php?rest_route=\/wp\/v2\/pages\/2402","targetHints":{"allow":["GET"]}}],"collection":[{"href":"https:\/\/www.portraittheater.net\/index.php?rest_route=\/wp\/v2\/pages"}],"about":[{"href":"https:\/\/www.portraittheater.net\/index.php?rest_route=\/wp\/v2\/types\/page"}],"author":[{"embeddable":true,"href":"https:\/\/www.portraittheater.net\/index.php?rest_route=\/wp\/v2\/users\/3"}],"replies":[{"embeddable":true,"href":"https:\/\/www.portraittheater.net\/index.php?rest_route=%2Fwp%2Fv2%2Fcomments&post=2402"}],"version-history":[{"count":2,"href":"https:\/\/www.portraittheater.net\/index.php?rest_route=\/wp\/v2\/pages\/2402\/revisions"}],"predecessor-version":[{"id":3315,"href":"https:\/\/www.portraittheater.net\/index.php?rest_route=\/wp\/v2\/pages\/2402\/revisions\/3315"}],"up":[{"embeddable":true,"href":"https:\/\/www.portraittheater.net\/index.php?rest_route=\/wp\/v2\/pages\/217"}],"wp:attachment":[{"href":"https:\/\/www.portraittheater.net\/index.php?rest_route=%2Fwp%2Fv2%2Fmedia&parent=2402"}],"wp:term":[{"taxonomy":"post_tag","embeddable":true,"href":"https:\/\/www.portraittheater.net\/index.php?rest_route=%2Fwp%2Fv2%2Ftags&post=2402"}],"curies":[{"name":"wp","href":"https:\/\/api.w.org\/{rel}","templated":true}]}}