{"id":486,"date":"2016-02-23T19:27:02","date_gmt":"2016-02-23T18:27:02","guid":{"rendered":"http:\/\/www.portraittheater.net\/p\/?page_id=486"},"modified":"2024-01-08T13:50:18","modified_gmt":"2024-01-08T12:50:18","slug":"bertha-von-suttner","status":"publish","type":"page","link":"https:\/\/www.portraittheater.net\/?page_id=486","title":{"rendered":"Bertha von Suttner"},"content":{"rendered":"<p><img loading=\"lazy\" decoding=\"async\" data-attachment-id=\"755\" data-permalink=\"https:\/\/www.portraittheater.net\/?attachment_id=755\" data-orig-file=\"https:\/\/www.portraittheater.net\/wp-content\/uploads\/2016\/02\/bertha_portr-01.jpg\" data-orig-size=\"86,126\" data-comments-opened=\"0\" data-image-meta=\"{&quot;aperture&quot;:&quot;0&quot;,&quot;credit&quot;:&quot;&quot;,&quot;camera&quot;:&quot;&quot;,&quot;caption&quot;:&quot;&quot;,&quot;created_timestamp&quot;:&quot;0&quot;,&quot;copyright&quot;:&quot;&quot;,&quot;focal_length&quot;:&quot;0&quot;,&quot;iso&quot;:&quot;0&quot;,&quot;shutter_speed&quot;:&quot;0&quot;,&quot;title&quot;:&quot;&quot;,&quot;orientation&quot;:&quot;0&quot;}\" data-image-title=\"bertha_portr-01\" data-image-description=\"\" data-image-caption=\"&lt;p&gt;Bertha von Suttner&lt;\/p&gt;\n\" data-medium-file=\"https:\/\/www.portraittheater.net\/wp-content\/uploads\/2016\/02\/bertha_portr-01.jpg\" data-large-file=\"https:\/\/www.portraittheater.net\/wp-content\/uploads\/2016\/02\/bertha_portr-01.jpg\" class=\"size-full wp-image-755\" src=\"http:\/\/www.portraittheater.net\/wp-content\/uploads\/2016\/02\/bertha_portr-01.jpg\" alt=\"Bertha von Suttner\" width=\"86\" height=\"126\" \/> <img loading=\"lazy\" decoding=\"async\" data-attachment-id=\"756\" data-permalink=\"https:\/\/www.portraittheater.net\/?attachment_id=756\" data-orig-file=\"https:\/\/www.portraittheater.net\/wp-content\/uploads\/2016\/02\/bertha_portr-02.jpg\" data-orig-size=\"211,110\" data-comments-opened=\"0\" data-image-meta=\"{&quot;aperture&quot;:&quot;0&quot;,&quot;credit&quot;:&quot;&quot;,&quot;camera&quot;:&quot;&quot;,&quot;caption&quot;:&quot;&quot;,&quot;created_timestamp&quot;:&quot;0&quot;,&quot;copyright&quot;:&quot;&quot;,&quot;focal_length&quot;:&quot;0&quot;,&quot;iso&quot;:&quot;0&quot;,&quot;shutter_speed&quot;:&quot;0&quot;,&quot;title&quot;:&quot;&quot;,&quot;orientation&quot;:&quot;1&quot;}\" data-image-title=\"bertha_portr-02\" data-image-description=\"\" data-image-caption=\"&lt;p&gt;Bertha von Suttner auf 1000-Schilling-Banknote&lt;\/p&gt;\n\" data-medium-file=\"https:\/\/www.portraittheater.net\/wp-content\/uploads\/2016\/02\/bertha_portr-02.jpg\" data-large-file=\"https:\/\/www.portraittheater.net\/wp-content\/uploads\/2016\/02\/bertha_portr-02.jpg\" class=\"size-full wp-image-756\" src=\"http:\/\/www.portraittheater.net\/wp-content\/uploads\/2016\/02\/bertha_portr-02.jpg\" alt=\"Bertha von Suttner auf 1000-Schilling-Banknote\" width=\"211\" height=\"110\" \/> <img loading=\"lazy\" decoding=\"async\" data-attachment-id=\"757\" data-permalink=\"https:\/\/www.portraittheater.net\/?attachment_id=757\" data-orig-file=\"https:\/\/www.portraittheater.net\/wp-content\/uploads\/2016\/02\/bertha_portr-03.jpg\" data-orig-size=\"115,113\" data-comments-opened=\"0\" data-image-meta=\"{&quot;aperture&quot;:&quot;0&quot;,&quot;credit&quot;:&quot;&quot;,&quot;camera&quot;:&quot;&quot;,&quot;caption&quot;:&quot;&quot;,&quot;created_timestamp&quot;:&quot;0&quot;,&quot;copyright&quot;:&quot;&quot;,&quot;focal_length&quot;:&quot;0&quot;,&quot;iso&quot;:&quot;0&quot;,&quot;shutter_speed&quot;:&quot;0&quot;,&quot;title&quot;:&quot;&quot;,&quot;orientation&quot;:&quot;1&quot;}\" data-image-title=\"bertha_portr-03\" data-image-description=\"\" data-image-caption=\"&lt;p&gt;Bertha von Suttner auf 2-Euro-M\u00fcnze&lt;\/p&gt;\n\" data-medium-file=\"https:\/\/www.portraittheater.net\/wp-content\/uploads\/2016\/02\/bertha_portr-03.jpg\" data-large-file=\"https:\/\/www.portraittheater.net\/wp-content\/uploads\/2016\/02\/bertha_portr-03.jpg\" class=\"size-full wp-image-757\" src=\"http:\/\/www.portraittheater.net\/wp-content\/uploads\/2016\/02\/bertha_portr-03.jpg\" alt=\"Bertha von Suttner auf 2-Euro-M\u00fcnze\" width=\"115\" height=\"113\" srcset=\"https:\/\/www.portraittheater.net\/wp-content\/uploads\/2016\/02\/bertha_portr-03.jpg 115w, https:\/\/www.portraittheater.net\/wp-content\/uploads\/2016\/02\/bertha_portr-03-50x50.jpg 50w\" sizes=\"auto, (max-width: 115px) 100vw, 115px\" \/><\/p>\n<p><span style=\"color: #000000;\"><b>1843<\/b> am 9. Juni kommt Bertha als Tochter von General Franz Graf Kinski von Chinic und Tettau und seiner um fast 50 Jahre j\u00fcngeren Frau Sophie (geb. K\u00f6rner) in Prag zur Welt. Ihr Vater stirbt noch vor ihrer Geburt. Durch die Gouvernanten genie\u00dft sie eine liberale Erziehung.<\/span><\/p>\n<p><span style=\"color: #000000;\"><b>1862<\/b> Verlobung mit Gustav von Heine-Geldern in Wien. Im selben Jahr L\u00f6sung des Verl\u00f6bnisses.<\/span><\/p>\n<p><span style=\"color: #000000;\"><b>1864-71<\/b> Gesangunterricht vornehmlich in Baden und Paris mit m\u00e4\u00dfigem Erfolg<\/span><\/p>\n<p><span style=\"color: #000000;\"><b>1868\/69<\/b> Zweite, ebenso gel\u00f6ste Verlobung in Paris.<\/span><\/p>\n<p><span style=\"color: #000000;\"><b>1873-1876<\/b> Nachdem das vererbte Verm\u00f6gen weitgehend aufgebraucht war (nicht zuletzt aufgrund der Spielleidenschaft der Mutter), nimmt Bertha eine Stelle als Gouvernante beim Industriellenehepaar von Suttner in Wien an und erteilt den vier T\u00f6chtern der Familie Unterricht in Musik und Sprache. In dieser Zeit verliebt sie sich in den sieben Jahre j\u00fcngeren Arthur Gundaccar von Suttner, den j\u00fcngsten Sohn der Familie.<\/span><\/p>\n<p><span style=\"color: #000000;\"><b>1876<\/b> Als die Familie von der Liebe zu Arthur erf\u00e4hrt, verl\u00e4sst sie das Haus und reist nach Paris, wo sie f\u00fcr knapp zwei Wochen als Privatsekret\u00e4rin von Alfred Nobel arbeitet. Arthur bittet sie zur\u00fcck zu kommen und sie f\u00e4hrt wieder nach Wien. Mit Nobel h\u00e4lt sie eine lebenslange Freundschaft.<\/span><\/p>\n<p><span style=\"color: #000000;\"><b>1876<\/b> am 12. Juni heiratet Bertha heimlich Arthur Gundaccar von Suttner, gegen den Willen seiner Eltern. Arthur Suttner wird in der Folge enterbt.<\/span><br \/>\n<span style=\"color: #000000;\">Im gleichen Jahr zieht das Ehepaar f\u00fcr mehr als acht Jahre in den Kaukasus nach Georgien zu F\u00fcrstin Ekatarina Dadiani von Mingrelien, wo die beiden unter schwierigen finanziellen Umst\u00e4nden von Gelegenheitst\u00e4tigkeiten leben.<\/span><\/p>\n<p><span style=\"color: #000000;\"><b>1877<\/b> beginnt Bertha von Suttner mit ihrer journalistischen T\u00e4tigkeit und hat unter dem Pseudonym &#8222;B. Oulet&#8220; gro\u00dfen Erfolg. Sie schreibt f\u00fcr \u00f6sterreichische Zeitungen Kurzgeschichten und Essays.<\/span><\/p>\n<p><span style=\"color: #000000;\"><b>1885<\/b> kehren sie gemeinsam nach Wien zur\u00fcck und beziehen nach Auss\u00f6hnung mit der Familie das Familienschloss in Harmannsdorf\/ Nieder\u00f6sterreich.<\/span><\/p>\n<p><span style=\"color: #000000;\"><b>1886<\/b> Nach ihrer R\u00fcckkehr schreibt sie das Buch &#8222;High Life&#8220;, wobei sie einen Fokus auf soziale Missst\u00e4nde legt. Sie beginnt sich dem Thema Pazifismus anzun\u00e4hern. In einer Gespr\u00e4chsrunde mit dem franz\u00f6sischen Philosophen Ernst Renan erf\u00e4hrt sie von der Existenz der Internationalen Arbitration and Peace Association.<\/span><\/p>\n<p><span style=\"color: #000000;\"><b>1889<\/b> ver\u00f6ffentlicht sie den pazifistischen Roman &#8222;Die Waffen nieder&#8220;, der gro\u00dfes Aufsehen erregt und Bertha von Suttner zu einer der prominentesten Vertreterinnen der Friedensbewegung macht. Dieses Buch wird ihr gr\u00f6\u00dfter literarischer Erfolg, es erscheint in 37 Auflagen und wird in zw\u00f6lf Sprachen \u00fcbersetzt.<\/span><\/p>\n<p><span style=\"color: #000000;\"><b>1890\/91<\/b> logiert das Ehepaar in Venedig. Bertha von Suttner regt mit anderen dabei die Gr\u00fcndung einer &#8222;Friedensgesellschaft Venedig&#8220; an.<\/span><\/p>\n<p><span style=\"color: #000000;\"><b>1910<\/b> &#8222;Interparlamentarische Union&#8220;.So lernt sie auch den Marchese B. Pandolfi kennen, \u00fcber den sie wiederum weitere Vertreter der &#8222;Interparlamentarischen Konferenzen&#8220;, vorgestellt bekam.<\/span><\/p>\n<p><span style=\"color: #000000;\"><b>1891<\/b> Im September k\u00fcndigt sie die Gr\u00fcndung einer &#8222;\u00d6sterreichischen Gesellschaft der Friedensfreunde&#8220; in einem Artikel der Neuen Freien Presse an. Der Erfolg dieses Aufrufs ist \u00fcberw\u00e4ltigend. Bertha von Suttner wird von der \u00d6sterreichischen Gesellschaft der Friedensfreunde sogleich zur ersten Pr\u00e4sidentin ernannt und bleibt es bis zu ihrem Tode.<\/span><\/p>\n<p><span style=\"color: #000000;\"><b>1891<\/b> wird sie anl\u00e4sslich des Weltfriedenskongresses in Rom zur Vizepr\u00e4sidentin des Internationalen Friedensb\u00fcros gew\u00e4hlt.<\/span><\/p>\n<p><span style=\"color: #000000;\"><b>1892<\/b> gr\u00fcndet sie die Deutsche Friedensgesellschaft, die binnen kurzer Zeit \u00fcber 2.000 Mitglieder hat. In der Folge nimmt sie an mehreren internationalen Friedenskongressen teil.<\/span><\/p>\n<p><span style=\"color: #000000;\"><b>1896<\/b> Am 10. Dezember stirbt Alfred Nobel in Paris.<\/span><\/p>\n<p><span style=\"color: #000000;\"><b>1897<\/b> Im Juni \u00fcberreicht sie Kaiser Franz Josef eine Unterschriftenliste mit dem Pl\u00e4doyer f\u00fcr ein internationales Schiedsgericht.<\/span><\/p>\n<p><span style=\"color: #000000;\"><b>1899<\/b> ist sie an den Vorbereitungen zur Ersten Haager Friedesnkonferrenz in Den Haag beteiligt. Hier werden Fragen der nationalen wie internationalen Sicherheit, des Abr\u00fcstens und der Einrichtung eines internationalen Schiedsgerichts behandelt.. Die von den Initiatoren erwarteten Ergebnisse werden jedoch nicht erzielt.<\/span><\/p>\n<p><span style=\"color: #000000;\"><b>1902<\/b> erkrankt ihr Ehemann schwer, wird reiseunf\u00e4hig, weshalb Bertha von Suttner allein an einem Friedenskongress in Monaco teilnimmt. Anschlie\u00dfend reist sie mit ihrem Mann zur Erholung nach B\u00f6hmen.<\/span><\/p>\n<p><span style=\"color: #000000;\"><b>1902<\/b> Am 10. Dezember stirbt Artur Gundaccar von Suttner in Harmannsdorf. Wegen \u00dcberschuldung muss der Gutshof des Paares versteigert werden und Bertha von Suttner zieht zur\u00fcck nach Wien, wo sie weiterhin publiziert. In ihren Beitr\u00e4gen zeigt sie sich als Anh\u00e4ngerin der darwinistischen Evolutionslehre und eines ungebrochenen liberalen Fortschrittsglaubens.<\/span><\/p>\n<p><span style=\"color: #000000;\"><b>1903<\/b> reist sie erneut nach Monaco und nimmt an der Er\u00f6ffnung des &#8222;Institut Interna in Kristianational de la Paix&#8220; teil, das F\u00fcrst Albert I. gegr\u00fcndet hatte.<\/span><\/p>\n<p><span style=\"color: #000000;\"><b>1904<\/b> geh\u00f6rt Bertha von Suttner zu den bedeutendsten Teilnehmerinnen der &#8222;Internationalen Frauenkonferenz&#8220; in Berlin. Diese Konferenz endet mit einer Friedensdemonstration, bei der Bertha von Suttner einen Vortrag h\u00e4lt. Im gleichen Jahr bereist sie die Vereinigten Staaten von Amerika. Anlass dazu war der Weltfriedenskongress in Boston. Sie reist von Stadt zu Stadt und h\u00e4lt bis zu drei Vortr\u00e4ge t\u00e4glich. Ihr Ruf war ihr schon vorausgeeilt, und so wird sie zu einer Unterredung mit Pr\u00e4sident Theodor Roosevelt ins Wei\u00dfe Haus geladen. Die &#8222;Friedens-Bertha&#8220;, wie sie etwas abf\u00e4llig in deutschnationalen Kreisen genannt wird, kommt begeistert aus den USA zur\u00fcck. Ihre siebenmonatige Reise hatte einem Siegeszug geglichen und es war deutlich geworden, dass die Friedensbewegung in den USA schon wesentlich fortgeschrittener war als in Europa.<\/span><\/p>\n<p><span style=\"color: #000000;\"><b>1905<\/b> Am 10. Dezember erh\u00e4lt Bertha von Suttner als erste Frau den von ihr mit angeregten Friedensnobelpreis zugesprochen, nimmt ihn jedoch aufgrund einer Auslandsreise erst im April 1906 in Kristiana, dem heutigen Oslo, entgegen. Auch wenn Alfred Nobel bei der Einf\u00fchrung seines Friedenspreises gleich an Bertha von Suttner als Preistr\u00e4gerin gedacht hatte, wurde sie erst in dieser f\u00fcnften Preisrunde bedacht.<\/span><\/p>\n<p><span style=\"color: #000000;\"><b>1907<\/b> ist sie auch bei der zweiten Friedenskonferenz in Den Haag anwesend, die diesmal noch mehr auf Regelungen des Kriegsrechts ausgerichtet war. In Folge versucht sie vermehrt \u00fcber die Gefahren der internationalen Aufr\u00fcstung und die Interessen der R\u00fcstungsindustrie zu informieren.<\/span><\/p>\n<p><span style=\"color: #000000;\"><b>1912<\/b> beginnt Sie eindringlich vor der Gefahr eines internationalen Vernichtungskrieges zu warnen und begibt sich auf eine zweite Amerikareise, die sie als Vortragende von der Ostk\u00fcste bis zur Westk\u00fcste in \u00fcber f\u00fcnfzig St\u00e4dte bringt.<\/span><\/p>\n<p><span style=\"color: #000000;\"><b>1914<\/b> Am 21. Juni erliegt Bertha von Suttner einem Krebsleiden. Wenige Wochen sp\u00e4ter kommt es zum Ausbruch des Ersten Weltkrieges, vor dem sie wiederholt gewarnt hatte. Im Herbst h\u00e4tte in Wien der n\u00e4chste Weltfriedenskongress stattfinden sollen.<\/span><\/p>\n","protected":false},"excerpt":{"rendered":"<p>1843 am 9. Juni kommt Bertha als Tochter von General Franz Graf Kinski von Chinic und Tettau und seiner um fast 50 Jahre j\u00fcngeren Frau Sophie (geb. K\u00f6rner) in Prag zur Welt. Ihr Vater stirbt noch vor ihrer Geburt. Durch die Gouvernanten genie\u00dft sie eine liberale Erziehung. 1862 Verlobung mit Gustav von Heine-Geldern in Wien.&hellip;<\/p>\n","protected":false},"author":1,"featured_media":0,"parent":217,"menu_order":1,"comment_status":"closed","ping_status":"closed","template":"","meta":{"footnotes":""},"tags":[5],"class_list":["post-486","page","type-page","status-publish","hentry","tag-bertha-von-suttner","empty-entry-meta"],"jetpack_sharing_enabled":true,"_links":{"self":[{"href":"https:\/\/www.portraittheater.net\/index.php?rest_route=\/wp\/v2\/pages\/486","targetHints":{"allow":["GET"]}}],"collection":[{"href":"https:\/\/www.portraittheater.net\/index.php?rest_route=\/wp\/v2\/pages"}],"about":[{"href":"https:\/\/www.portraittheater.net\/index.php?rest_route=\/wp\/v2\/types\/page"}],"author":[{"embeddable":true,"href":"https:\/\/www.portraittheater.net\/index.php?rest_route=\/wp\/v2\/users\/1"}],"replies":[{"embeddable":true,"href":"https:\/\/www.portraittheater.net\/index.php?rest_route=%2Fwp%2Fv2%2Fcomments&post=486"}],"version-history":[{"count":2,"href":"https:\/\/www.portraittheater.net\/index.php?rest_route=\/wp\/v2\/pages\/486\/revisions"}],"predecessor-version":[{"id":3304,"href":"https:\/\/www.portraittheater.net\/index.php?rest_route=\/wp\/v2\/pages\/486\/revisions\/3304"}],"up":[{"embeddable":true,"href":"https:\/\/www.portraittheater.net\/index.php?rest_route=\/wp\/v2\/pages\/217"}],"wp:attachment":[{"href":"https:\/\/www.portraittheater.net\/index.php?rest_route=%2Fwp%2Fv2%2Fmedia&parent=486"}],"wp:term":[{"taxonomy":"post_tag","embeddable":true,"href":"https:\/\/www.portraittheater.net\/index.php?rest_route=%2Fwp%2Fv2%2Ftags&post=486"}],"curies":[{"name":"wp","href":"https:\/\/api.w.org\/{rel}","templated":true}]}}